{"id":78434,"date":"2025-09-23T13:13:16","date_gmt":"2025-09-23T10:13:16","guid":{"rendered":"https:\/\/mobecor.ee\/?post_type=product&#038;p=78434"},"modified":"2025-09-23T13:16:45","modified_gmt":"2025-09-23T10:16:45","slug":"vitriinkapp-porto-10-parempoolne-70-42-200","status":"publish","type":"product","link":"https:\/\/mobecor.ee\/en\/toode\/vitriinkapp-porto-10-parempoolne-70-42-200\/","title":{"rendered":"Vitriinkapp Porto 10, parempoolne (70\/42\/200)"},"content":{"rendered":"<p>Vitriinkapil on 1 karastatud klaasiga uks. Uks avaneb paremale.<br \/>\nUkse taga on 5 riiulit (2 m\u00f6\u00f6bliplaadist ja 3 klaasist).<br \/>\nLisavalikuna v\u00f5imalik juurde osta led valgustus klaasist riiulitele.<br \/>\nUks on vaikselt sulguv.<br \/>\nKorpus: spoonitud plaat, \u00f5litatud kuldse tamme v\u00e4rvi.<br \/>\nEsipinnad: t\u00e4ispuidust, \u00f5litatud kuldse tamme v\u00e4rvi.<br \/>\nK\u00e4epidemed ja jalad: metallist, mattmusta v\u00e4rvi.<br \/>\n\u00dcmarad nurgad.<br \/>\nToode tarnitakse kokkupanduna.<br \/>\nToodetud: Poolas.<\/p>\n","protected":false},"excerpt":{"rendered":"<p>Laius: 70 cm.<br \/>\nS\u00fcgavus: 42 cm.<br \/>\nK\u00f5rgus: 200 cm.<br \/>\nKaal: 73 kg.<br \/>\nTarneaeg: 4-8 n\u00e4dalat.<\/p>\n","protected":false},"featured_media":78435,"template":"","meta":{"_acf_changed":false,"inline_featured_image":false},"series":[3534],"product_brand":[2941],"product_cat":[33],"product_tag":[],"class_list":{"0":"post-78434","1":"product","2":"type-product","3":"status-publish","4":"has-post-thumbnail","6":"series-porto-mooblisari","7":"product_brand-szynaka","8":"product_cat-vitriinid","10":"first","11":"instock","12":"taxable","13":"shipping-taxable","14":"purchasable","15":"product-type-variable"},"acf":[],"_links":{"self":[{"href":"https:\/\/mobecor.ee\/en\/wp-json\/wp\/v2\/product\/78434","targetHints":{"allow":["GET"]}}],"collection":[{"href":"https:\/\/mobecor.ee\/en\/wp-json\/wp\/v2\/product"}],"about":[{"href":"https:\/\/mobecor.ee\/en\/wp-json\/wp\/v2\/types\/product"}],"wp:featuredmedia":[{"embeddable":true,"href":"https:\/\/mobecor.ee\/en\/wp-json\/wp\/v2\/media\/78435"}],"wp:attachment":[{"href":"https:\/\/mobecor.ee\/en\/wp-json\/wp\/v2\/media?parent=78434"}],"wp:term":[{"taxonomy":"series","embeddable":true,"href":"https:\/\/mobecor.ee\/en\/wp-json\/wp\/v2\/series?post=78434"},{"taxonomy":"product_brand","embeddable":true,"href":"https:\/\/mobecor.ee\/en\/wp-json\/wp\/v2\/product_brand?post=78434"},{"taxonomy":"product_cat","embeddable":true,"href":"https:\/\/mobecor.ee\/en\/wp-json\/wp\/v2\/product_cat?post=78434"},{"taxonomy":"product_tag","embeddable":true,"href":"https:\/\/mobecor.ee\/en\/wp-json\/wp\/v2\/product_tag?post=78434"}],"curies":[{"name":"wp","href":"https:\/\/api.w.org\/{rel}","templated":true}]}}