{"id":78493,"date":"2025-09-23T13:24:20","date_gmt":"2025-09-23T10:24:20","guid":{"rendered":"https:\/\/mobecor.ee\/?post_type=product&#038;p=78493"},"modified":"2025-09-23T13:27:45","modified_gmt":"2025-09-23T10:27:45","slug":"tv-alus-porto-25","status":"publish","type":"product","link":"https:\/\/mobecor.ee\/en\/toode\/tv-alus-porto-25\/","title":{"rendered":"Tv-alus Porto 25 (180\/42\/49,2)"},"content":{"rendered":"<p>Tv-alusel on 3 sahtlit.<br \/>\nSahtlid on vaikselt sulguvad.<br \/>\nKorpus: spoonitud plaat, \u00f5litatud kuldse tamme v\u00e4rvi.<br \/>\nEsipinnad: t\u00e4ispuidust, \u00f5litatud kuldse tamme v\u00e4rvi.<br \/>\nK\u00e4epidemed ja jalad: metallist, mattmusta v\u00e4rvi.<br \/>\n\u00dcmarad nurgad.<br \/>\nToode tarnitakse kokkupanduna.<br \/>\nToodetud: Poolas.<\/p>\n","protected":false},"excerpt":{"rendered":"<p>Laius: 180 cm.<br \/>\nS\u00fcgavus: 42 cm.<br \/>\nK\u00f5rgus: 49,2 cm.<br \/>\nKaal: 47 kg.<br \/>\nTarneaeg: 4-8 n\u00e4dalat.<\/p>\n","protected":false},"featured_media":78496,"template":"","meta":{"_acf_changed":false,"inline_featured_image":false},"series":[3534],"product_brand":[2941],"product_cat":[34],"product_tag":[],"class_list":{"0":"post-78493","1":"product","2":"type-product","3":"status-publish","4":"has-post-thumbnail","6":"series-porto-mooblisari","7":"product_brand-szynaka","8":"product_cat-tv-alused","10":"first","11":"instock","12":"taxable","13":"shipping-taxable","14":"purchasable","15":"product-type-simple"},"acf":[],"_links":{"self":[{"href":"https:\/\/mobecor.ee\/en\/wp-json\/wp\/v2\/product\/78493","targetHints":{"allow":["GET"]}}],"collection":[{"href":"https:\/\/mobecor.ee\/en\/wp-json\/wp\/v2\/product"}],"about":[{"href":"https:\/\/mobecor.ee\/en\/wp-json\/wp\/v2\/types\/product"}],"wp:featuredmedia":[{"embeddable":true,"href":"https:\/\/mobecor.ee\/en\/wp-json\/wp\/v2\/media\/78496"}],"wp:attachment":[{"href":"https:\/\/mobecor.ee\/en\/wp-json\/wp\/v2\/media?parent=78493"}],"wp:term":[{"taxonomy":"series","embeddable":true,"href":"https:\/\/mobecor.ee\/en\/wp-json\/wp\/v2\/series?post=78493"},{"taxonomy":"product_brand","embeddable":true,"href":"https:\/\/mobecor.ee\/en\/wp-json\/wp\/v2\/product_brand?post=78493"},{"taxonomy":"product_cat","embeddable":true,"href":"https:\/\/mobecor.ee\/en\/wp-json\/wp\/v2\/product_cat?post=78493"},{"taxonomy":"product_tag","embeddable":true,"href":"https:\/\/mobecor.ee\/en\/wp-json\/wp\/v2\/product_tag?post=78493"}],"curies":[{"name":"wp","href":"https:\/\/api.w.org\/{rel}","templated":true}]}}