{"id":78503,"date":"2025-09-23T13:29:46","date_gmt":"2025-09-23T10:29:46","guid":{"rendered":"https:\/\/mobecor.ee\/?post_type=product&#038;p=78503"},"modified":"2025-09-23T13:32:05","modified_gmt":"2025-09-23T10:32:05","slug":"pikendatav-laud-porto-40","status":"publish","type":"product","link":"https:\/\/mobecor.ee\/en\/toode\/pikendatav-laud-porto-40\/","title":{"rendered":"Pikendatav s\u00f6\u00f6gilaud Porto 40 (160-250\/90\/76)"},"content":{"rendered":"<p>Materjal: t\u00e4ispuit, \u00f5litatud kuldse tamme v\u00e4rvi.<br \/>\nToode vajab kokku monteerimist.<br \/>\nToodetud: Poolas.<\/p>\n","protected":false},"excerpt":{"rendered":"<p>Laius: 160-250 cm. Laual on 2 vaheplaati pikendamiseks (2 x 45 cm).<br \/>\nS\u00fcgavus: 90 cm.<br \/>\nK\u00f5rgus: 76 cm.<br \/>\nKaal: 89 kg.<br \/>\nTarneaeg: 4-8 n\u00e4dalat.<\/p>\n","protected":false},"featured_media":78504,"template":"","meta":{"_acf_changed":false,"inline_featured_image":false},"series":[3534],"product_brand":[2941],"product_cat":[219],"product_tag":[],"class_list":{"0":"post-78503","1":"product","2":"type-product","3":"status-publish","4":"has-post-thumbnail","6":"series-porto-mooblisari","7":"product_brand-szynaka","8":"product_cat-soogilauad","10":"first","11":"instock","12":"taxable","13":"shipping-taxable","14":"purchasable","15":"product-type-simple"},"acf":[],"_links":{"self":[{"href":"https:\/\/mobecor.ee\/en\/wp-json\/wp\/v2\/product\/78503","targetHints":{"allow":["GET"]}}],"collection":[{"href":"https:\/\/mobecor.ee\/en\/wp-json\/wp\/v2\/product"}],"about":[{"href":"https:\/\/mobecor.ee\/en\/wp-json\/wp\/v2\/types\/product"}],"wp:featuredmedia":[{"embeddable":true,"href":"https:\/\/mobecor.ee\/en\/wp-json\/wp\/v2\/media\/78504"}],"wp:attachment":[{"href":"https:\/\/mobecor.ee\/en\/wp-json\/wp\/v2\/media?parent=78503"}],"wp:term":[{"taxonomy":"series","embeddable":true,"href":"https:\/\/mobecor.ee\/en\/wp-json\/wp\/v2\/series?post=78503"},{"taxonomy":"product_brand","embeddable":true,"href":"https:\/\/mobecor.ee\/en\/wp-json\/wp\/v2\/product_brand?post=78503"},{"taxonomy":"product_cat","embeddable":true,"href":"https:\/\/mobecor.ee\/en\/wp-json\/wp\/v2\/product_cat?post=78503"},{"taxonomy":"product_tag","embeddable":true,"href":"https:\/\/mobecor.ee\/en\/wp-json\/wp\/v2\/product_tag?post=78503"}],"curies":[{"name":"wp","href":"https:\/\/api.w.org\/{rel}","templated":true}]}}