{"id":78510,"date":"2025-09-23T13:33:16","date_gmt":"2025-09-23T10:33:16","guid":{"rendered":"https:\/\/mobecor.ee\/?post_type=product&#038;p=78510"},"modified":"2025-09-23T13:34:44","modified_gmt":"2025-09-23T10:34:44","slug":"diivanilaud-porto-41","status":"publish","type":"product","link":"https:\/\/mobecor.ee\/en\/toode\/diivanilaud-porto-41\/","title":{"rendered":"Diivanilaud Porto 41 (80\/80\/45)"},"content":{"rendered":"<p>Materjal: t\u00e4ispuit, \u00f5litatud kuldse tamme v\u00e4rvi.<br \/>\nToode tarnitakse kokkupanduna.<br \/>\nToodetud: Poolas.<\/p>\n","protected":false},"excerpt":{"rendered":"<p>Laius: 80 cm.<br \/>\nS\u00fcgavus: 80 cm.<br \/>\nK\u00f5rgus: 45 cm.<br \/>\nTarneaeg: 4-8 n\u00e4dalat.<\/p>\n","protected":false},"featured_media":78516,"template":"","meta":{"_acf_changed":false,"inline_featured_image":false},"series":[3534],"product_brand":[2941],"product_cat":[37],"product_tag":[],"class_list":{"0":"post-78510","1":"product","2":"type-product","3":"status-publish","4":"has-post-thumbnail","6":"series-porto-mooblisari","7":"product_brand-szynaka","8":"product_cat-diivanilauad","10":"first","11":"instock","12":"taxable","13":"shipping-taxable","14":"purchasable","15":"product-type-simple"},"acf":[],"_links":{"self":[{"href":"https:\/\/mobecor.ee\/en\/wp-json\/wp\/v2\/product\/78510","targetHints":{"allow":["GET"]}}],"collection":[{"href":"https:\/\/mobecor.ee\/en\/wp-json\/wp\/v2\/product"}],"about":[{"href":"https:\/\/mobecor.ee\/en\/wp-json\/wp\/v2\/types\/product"}],"wp:featuredmedia":[{"embeddable":true,"href":"https:\/\/mobecor.ee\/en\/wp-json\/wp\/v2\/media\/78516"}],"wp:attachment":[{"href":"https:\/\/mobecor.ee\/en\/wp-json\/wp\/v2\/media?parent=78510"}],"wp:term":[{"taxonomy":"series","embeddable":true,"href":"https:\/\/mobecor.ee\/en\/wp-json\/wp\/v2\/series?post=78510"},{"taxonomy":"product_brand","embeddable":true,"href":"https:\/\/mobecor.ee\/en\/wp-json\/wp\/v2\/product_brand?post=78510"},{"taxonomy":"product_cat","embeddable":true,"href":"https:\/\/mobecor.ee\/en\/wp-json\/wp\/v2\/product_cat?post=78510"},{"taxonomy":"product_tag","embeddable":true,"href":"https:\/\/mobecor.ee\/en\/wp-json\/wp\/v2\/product_tag?post=78510"}],"curies":[{"name":"wp","href":"https:\/\/api.w.org\/{rel}","templated":true}]}}