{"id":78523,"date":"2025-09-23T13:37:45","date_gmt":"2025-09-23T10:37:45","guid":{"rendered":"https:\/\/mobecor.ee\/?post_type=product&#038;p=78523"},"modified":"2025-09-23T13:39:01","modified_gmt":"2025-09-23T10:39:01","slug":"kummut-porto-46","status":"publish","type":"product","link":"https:\/\/mobecor.ee\/en\/toode\/kummut-porto-46\/","title":{"rendered":"Kummut Porto 46 (155\/42\/88)"},"content":{"rendered":"<p>Kummutil on 3 ust.<br \/>\nUksed on vaikselt sulguvad.<br \/>\nKorpus: spoonitud plaat, \u00f5litatud kuldse tamme v\u00e4rvi.<br \/>\nEsipinnad: t\u00e4ispuidust, \u00f5litatud kuldse tamme v\u00e4rvi.<br \/>\nK\u00e4epidemed ja jalad: metallist, mattmusta v\u00e4rvi.<br \/>\n\u00dcmarad nurgad.<br \/>\nToode tarnitakse kokkupanduna.<br \/>\nToodetud: Poolas.<\/p>\n","protected":false},"excerpt":{"rendered":"<p>Laius: 155 cm.<br \/>\nS\u00fcgavus: 42 cm.<br \/>\nK\u00f5rgus: 88 cm.<br \/>\nKaal: 59 kg.<br \/>\nTarneaeg: 4-8 n\u00e4dalat.<\/p>\n","protected":false},"featured_media":78524,"template":"","meta":{"_acf_changed":false,"inline_featured_image":false},"series":[3534],"product_brand":[2941],"product_cat":[36],"product_tag":[],"class_list":{"0":"post-78523","1":"product","2":"type-product","3":"status-publish","4":"has-post-thumbnail","6":"series-porto-mooblisari","7":"product_brand-szynaka","8":"product_cat-kummutid","10":"first","11":"instock","12":"taxable","13":"shipping-taxable","14":"purchasable","15":"product-type-simple"},"acf":[],"_links":{"self":[{"href":"https:\/\/mobecor.ee\/en\/wp-json\/wp\/v2\/product\/78523","targetHints":{"allow":["GET"]}}],"collection":[{"href":"https:\/\/mobecor.ee\/en\/wp-json\/wp\/v2\/product"}],"about":[{"href":"https:\/\/mobecor.ee\/en\/wp-json\/wp\/v2\/types\/product"}],"wp:featuredmedia":[{"embeddable":true,"href":"https:\/\/mobecor.ee\/en\/wp-json\/wp\/v2\/media\/78524"}],"wp:attachment":[{"href":"https:\/\/mobecor.ee\/en\/wp-json\/wp\/v2\/media?parent=78523"}],"wp:term":[{"taxonomy":"series","embeddable":true,"href":"https:\/\/mobecor.ee\/en\/wp-json\/wp\/v2\/series?post=78523"},{"taxonomy":"product_brand","embeddable":true,"href":"https:\/\/mobecor.ee\/en\/wp-json\/wp\/v2\/product_brand?post=78523"},{"taxonomy":"product_cat","embeddable":true,"href":"https:\/\/mobecor.ee\/en\/wp-json\/wp\/v2\/product_cat?post=78523"},{"taxonomy":"product_tag","embeddable":true,"href":"https:\/\/mobecor.ee\/en\/wp-json\/wp\/v2\/product_tag?post=78523"}],"curies":[{"name":"wp","href":"https:\/\/api.w.org\/{rel}","templated":true}]}}