{"id":78551,"date":"2025-09-23T14:15:24","date_gmt":"2025-09-23T11:15:24","guid":{"rendered":"https:\/\/mobecor.ee\/?post_type=product&#038;p=78551"},"modified":"2025-09-23T14:23:38","modified_gmt":"2025-09-23T11:23:38","slug":"pikendatav-soogilaud-fuego-mesine-tamm-160-240-100-75","status":"publish","type":"product","link":"https:\/\/mobecor.ee\/en\/toode\/pikendatav-soogilaud-fuego-mesine-tamm-160-240-100-75\/","title":{"rendered":"Pikendatav s\u00f6\u00f6gilaud Fuego, meekarva tamm (160-240\/100\/75)"},"content":{"rendered":"<p>Pikendatav s\u00f6\u00f6gilaud Fuego on vastupidav ja stiilse meekarva tamme viimistlusega.<br \/>\nLaud pikeneb 240 cm-ni, pakkudes ideaalset istumisv\u00f5imalust kuni 8 inimesele.<br \/>\nPehme sulgumiss\u00fcsteemiga laud tagab kasutusmugavuse.<br \/>\nLihtne disain ja kvaliteetsed materjalid teevad sellest suurep\u00e4rase valiku nii s\u00f6\u00f6gituppa kui ka elutuppa.<br \/>\nMaterjal: tammepuit\/naturaalne tammespoon.<br \/>\nLaud vajab kokku monteerimist.<br \/>\nToodetud: Poolas.<\/p>\n","protected":false},"excerpt":{"rendered":"<p>Laius: 160 &#8211; 240 cm. Laual on 2 vaheplaati pikendamiseks (2 x 40 cm).<br \/>\nS\u00fcgavus: 100 cm.<br \/>\nK\u00f5rgus: 75 cm.<br \/>\nV\u00e4rv: meekarva tamm.<br \/>\nTarneaeg: 4-8 n\u00e4dalat.<\/p>\n","protected":false},"featured_media":78556,"template":"","meta":{"_acf_changed":false,"inline_featured_image":false},"series":[3534],"product_brand":[2941],"product_cat":[219],"product_tag":[],"class_list":{"0":"post-78551","1":"product","2":"type-product","3":"status-publish","4":"has-post-thumbnail","6":"series-porto-mooblisari","7":"product_brand-szynaka","8":"product_cat-soogilauad","10":"first","11":"instock","12":"taxable","13":"shipping-taxable","14":"purchasable","15":"product-type-simple"},"acf":[],"_links":{"self":[{"href":"https:\/\/mobecor.ee\/en\/wp-json\/wp\/v2\/product\/78551","targetHints":{"allow":["GET"]}}],"collection":[{"href":"https:\/\/mobecor.ee\/en\/wp-json\/wp\/v2\/product"}],"about":[{"href":"https:\/\/mobecor.ee\/en\/wp-json\/wp\/v2\/types\/product"}],"wp:featuredmedia":[{"embeddable":true,"href":"https:\/\/mobecor.ee\/en\/wp-json\/wp\/v2\/media\/78556"}],"wp:attachment":[{"href":"https:\/\/mobecor.ee\/en\/wp-json\/wp\/v2\/media?parent=78551"}],"wp:term":[{"taxonomy":"series","embeddable":true,"href":"https:\/\/mobecor.ee\/en\/wp-json\/wp\/v2\/series?post=78551"},{"taxonomy":"product_brand","embeddable":true,"href":"https:\/\/mobecor.ee\/en\/wp-json\/wp\/v2\/product_brand?post=78551"},{"taxonomy":"product_cat","embeddable":true,"href":"https:\/\/mobecor.ee\/en\/wp-json\/wp\/v2\/product_cat?post=78551"},{"taxonomy":"product_tag","embeddable":true,"href":"https:\/\/mobecor.ee\/en\/wp-json\/wp\/v2\/product_tag?post=78551"}],"curies":[{"name":"wp","href":"https:\/\/api.w.org\/{rel}","templated":true}]}}