{"id":78572,"date":"2025-09-23T14:18:37","date_gmt":"2025-09-23T11:18:37","guid":{"rendered":"https:\/\/mobecor.ee\/?post_type=product&#038;p=78572"},"modified":"2025-09-23T14:22:39","modified_gmt":"2025-09-23T11:22:39","slug":"pikendatav-soogilaud-fuego-antiiktamm","status":"publish","type":"product","link":"https:\/\/mobecor.ee\/en\/toode\/pikendatav-soogilaud-fuego-antiiktamm\/","title":{"rendered":"Pikendatav s\u00f6\u00f6gilaud Fuego, antiiktamm (160-240\/100\/75)"},"content":{"rendered":"<p>Pikendatav s\u00f6\u00f6gilaud Fuego on vastupidav ja stiilse antiikse tamme viimistlusega.<br \/>\nLaud pikeneb 240 cm-ni, pakkudes ideaalset istumisv\u00f5imalust kuni 8 inimesele.<br \/>\nPehme sulgumiss\u00fcsteemiga laud tagab kasutusmugavuse.<br \/>\nLihtne disain ja kvaliteetsed materjalid teevad sellest suurep\u00e4rase valiku nii s\u00f6\u00f6gituppa kui ka elutuppa.<br \/>\nMaterjal: tammepuit\/naturaalne tammespoon.<br \/>\nLaud vajab kokku monteerimist.<br \/>\nToodetud: Poolas.<\/p>\n","protected":false},"excerpt":{"rendered":"<p>Laius: 160 &#8211; 240 cm. Laual on 2 vaheplaati pikendamiseks (2 x 40 cm).<br \/>\nS\u00fcgavus: 100 cm.<br \/>\nK\u00f5rgus: 75 cm.<br \/>\nV\u00e4rv: antiiktamm.<br \/>\nTarneaeg: 4-8 n\u00e4dalat.<\/p>\n","protected":false},"featured_media":78573,"template":"","meta":{"_acf_changed":false,"inline_featured_image":false},"series":[],"product_brand":[2941],"product_cat":[219],"product_tag":[],"class_list":{"0":"post-78572","1":"product","2":"type-product","3":"status-publish","4":"has-post-thumbnail","6":"product_brand-szynaka","7":"product_cat-soogilauad","9":"first","10":"instock","11":"taxable","12":"shipping-taxable","13":"purchasable","14":"product-type-simple"},"acf":[],"_links":{"self":[{"href":"https:\/\/mobecor.ee\/en\/wp-json\/wp\/v2\/product\/78572","targetHints":{"allow":["GET"]}}],"collection":[{"href":"https:\/\/mobecor.ee\/en\/wp-json\/wp\/v2\/product"}],"about":[{"href":"https:\/\/mobecor.ee\/en\/wp-json\/wp\/v2\/types\/product"}],"wp:featuredmedia":[{"embeddable":true,"href":"https:\/\/mobecor.ee\/en\/wp-json\/wp\/v2\/media\/78573"}],"wp:attachment":[{"href":"https:\/\/mobecor.ee\/en\/wp-json\/wp\/v2\/media?parent=78572"}],"wp:term":[{"taxonomy":"series","embeddable":true,"href":"https:\/\/mobecor.ee\/en\/wp-json\/wp\/v2\/series?post=78572"},{"taxonomy":"product_brand","embeddable":true,"href":"https:\/\/mobecor.ee\/en\/wp-json\/wp\/v2\/product_brand?post=78572"},{"taxonomy":"product_cat","embeddable":true,"href":"https:\/\/mobecor.ee\/en\/wp-json\/wp\/v2\/product_cat?post=78572"},{"taxonomy":"product_tag","embeddable":true,"href":"https:\/\/mobecor.ee\/en\/wp-json\/wp\/v2\/product_tag?post=78572"}],"curies":[{"name":"wp","href":"https:\/\/api.w.org\/{rel}","templated":true}]}}