{"id":78732,"date":"2025-09-24T08:13:10","date_gmt":"2025-09-24T05:13:10","guid":{"rendered":"https:\/\/mobecor.ee\/?post_type=product&#038;p=78732"},"modified":"2026-02-07T11:25:30","modified_gmt":"2026-02-07T09:25:30","slug":"voodi-porti-sokolaad-76-r160","status":"publish","type":"product","link":"https:\/\/mobecor.ee\/en\/toode\/voodi-porti-sokolaad-76-r160\/","title":{"rendered":"Voodi Porti \u0161okolaad 76 (160*200) + p\u00f5hjalipid R-160"},"content":{"rendered":"<p>Materjal: t\u00e4ispuit\/naturaalne tammespoon.<br \/>\nVoodile sobib madrats m\u00f5\u00f5tudes 160*200 cm.<br \/>\nNB! Madrats ei kuulu komplekti. Madratsi saab valida <a href=\"https:\/\/mobecor.ee\/tootekategooria\/magamistuba\/madratsid-ja-voodid\/\" target=\"_blank\" rel=\"noopener\">SIIT<\/a>.<br \/>\nVoodil on pehme polsterdusega peats. Valikus 2 tooni: Carabu 33 must ja Carabu HP 60 bee\u017e.<br \/>\nVoodi v\u00e4rv: tamm \u0161okolaad.<br \/>\nToodetud: Poolas.<br \/>\nToode tarnitakse detailidena.<\/p>\n","protected":false},"excerpt":{"rendered":"<p>Komplekti kuulub voodi ja p\u00f5hjalipid R-160.<br \/>\nLaius:\u00a0169 cm.<br \/>\nK\u00f5rgus: 99 cm.<br \/>\nS\u00fcgavus:\u00a0224 cm.<br \/>\nTarneaeg: 4-8 n\u00e4dalat.<\/p>\n","protected":false},"featured_media":78742,"template":"","meta":{"_acf_changed":false,"inline_featured_image":false},"series":[3535],"product_brand":[2941],"product_cat":[4016],"product_tag":[],"class_list":{"0":"post-78732","1":"product","2":"type-product","3":"status-publish","4":"has-post-thumbnail","6":"series-porti-sokolaad","7":"product_brand-szynaka","8":"product_cat-voodid-160-x-200","10":"first","11":"instock","12":"taxable","13":"shipping-taxable","14":"purchasable","15":"product-type-variable"},"acf":[],"_links":{"self":[{"href":"https:\/\/mobecor.ee\/en\/wp-json\/wp\/v2\/product\/78732","targetHints":{"allow":["GET"]}}],"collection":[{"href":"https:\/\/mobecor.ee\/en\/wp-json\/wp\/v2\/product"}],"about":[{"href":"https:\/\/mobecor.ee\/en\/wp-json\/wp\/v2\/types\/product"}],"wp:featuredmedia":[{"embeddable":true,"href":"https:\/\/mobecor.ee\/en\/wp-json\/wp\/v2\/media\/78742"}],"wp:attachment":[{"href":"https:\/\/mobecor.ee\/en\/wp-json\/wp\/v2\/media?parent=78732"}],"wp:term":[{"taxonomy":"series","embeddable":true,"href":"https:\/\/mobecor.ee\/en\/wp-json\/wp\/v2\/series?post=78732"},{"taxonomy":"product_brand","embeddable":true,"href":"https:\/\/mobecor.ee\/en\/wp-json\/wp\/v2\/product_brand?post=78732"},{"taxonomy":"product_cat","embeddable":true,"href":"https:\/\/mobecor.ee\/en\/wp-json\/wp\/v2\/product_cat?post=78732"},{"taxonomy":"product_tag","embeddable":true,"href":"https:\/\/mobecor.ee\/en\/wp-json\/wp\/v2\/product_tag?post=78732"}],"curies":[{"name":"wp","href":"https:\/\/api.w.org\/{rel}","templated":true}]}}