{"id":78863,"date":"2025-09-24T13:55:26","date_gmt":"2025-09-24T10:55:26","guid":{"rendered":"https:\/\/mobecor.ee\/?post_type=product&#038;p=78863"},"modified":"2026-01-20T11:31:26","modified_gmt":"2026-01-20T09:31:26","slug":"voodi-velvet-76-160200-beez","status":"publish","type":"product","link":"https:\/\/mobecor.ee\/en\/toode\/voodi-velvet-76-160200-beez\/","title":{"rendered":"Voodi Velvet 76 (160*200) Nordic 101 (bee\u017e)"},"content":{"rendered":"<p>Voodile sobib madrats m\u00f5\u00f5tudes 160 x 200 cm.<br \/>\nVoodil on pehme polsterdatud peats.<br \/>\nMadrats ja p\u00f5hjalipid ei kuulu komplekti.<br \/>\nMaterjal: naturaalne tammepuit (\u00f5litatud).<br \/>\nV\u00e4rv: tamm rustikal\/Nordic 101 (bee\u017e).<br \/>\nToodetud: Poolas.<br \/>\nToode tarnitakse detailidena.<\/p>\n","protected":false},"excerpt":{"rendered":"<p>Laius: 168 cm.<br \/>\nS\u00fcgavus: 218 cm.<br \/>\nK\u00f5rgus: 90 cm.<br \/>\nTarneaeg: 4-8 n\u00e4dalat.<\/p>\n","protected":false},"featured_media":4808,"template":"","meta":{"_acf_changed":false,"inline_featured_image":false},"series":[2848],"product_brand":[2941],"product_cat":[4016],"product_tag":[],"class_list":{"0":"post-78863","1":"product","2":"type-product","3":"status-publish","4":"has-post-thumbnail","6":"series-velvet","7":"product_brand-szynaka","8":"product_cat-voodid-160-x-200","10":"first","11":"instock","12":"taxable","13":"shipping-taxable","14":"purchasable","15":"product-type-variable"},"acf":[],"_links":{"self":[{"href":"https:\/\/mobecor.ee\/en\/wp-json\/wp\/v2\/product\/78863","targetHints":{"allow":["GET"]}}],"collection":[{"href":"https:\/\/mobecor.ee\/en\/wp-json\/wp\/v2\/product"}],"about":[{"href":"https:\/\/mobecor.ee\/en\/wp-json\/wp\/v2\/types\/product"}],"wp:featuredmedia":[{"embeddable":true,"href":"https:\/\/mobecor.ee\/en\/wp-json\/wp\/v2\/media\/4808"}],"wp:attachment":[{"href":"https:\/\/mobecor.ee\/en\/wp-json\/wp\/v2\/media?parent=78863"}],"wp:term":[{"taxonomy":"series","embeddable":true,"href":"https:\/\/mobecor.ee\/en\/wp-json\/wp\/v2\/series?post=78863"},{"taxonomy":"product_brand","embeddable":true,"href":"https:\/\/mobecor.ee\/en\/wp-json\/wp\/v2\/product_brand?post=78863"},{"taxonomy":"product_cat","embeddable":true,"href":"https:\/\/mobecor.ee\/en\/wp-json\/wp\/v2\/product_cat?post=78863"},{"taxonomy":"product_tag","embeddable":true,"href":"https:\/\/mobecor.ee\/en\/wp-json\/wp\/v2\/product_tag?post=78863"}],"curies":[{"name":"wp","href":"https:\/\/api.w.org\/{rel}","templated":true}]}}