{"id":78980,"date":"2025-09-24T14:38:43","date_gmt":"2025-09-24T11:38:43","guid":{"rendered":"https:\/\/mobecor.ee\/?post_type=product&#038;p=78980"},"modified":"2026-03-19T07:38:13","modified_gmt":"2026-03-19T05:38:13","slug":"tv-alus-vigo-vg02","status":"publish","type":"product","link":"https:\/\/mobecor.ee\/en\/toode\/tv-alus-vigo-vg02\/","title":{"rendered":"Tv-alus Vigo VG02 (183\/40\/61)"},"content":{"rendered":"<p>Tv-alusel on 3 ust ja 2 sahtlit.<br \/>\nKorpus: 16 mm lamineeritud puitlaastplaat\/ 32 mm MDF-k\u00fcljeriba.<br \/>\nPealmine plaat: 16 mm lamineeritud puitlaastplaat.<br \/>\nEsipaneelid: 18 mm MDF-plaat.<br \/>\nV\u00e4rv: ka\u0161miir.<br \/>\nKolmes tasapinnas reguleeritavad hinged \u1d69 35 mm.<br \/>\nMusta v\u00e4rvi metallist jalad, 18 cm. Mittereguleeritavad.<br \/>\nMusta v\u00e4rvi metallist k\u00e4epidemed.<br \/>\nUksed on vaikselt sulguvad.<br \/>\nGTV kuullaagriga liugsahtlid, t\u00e4ielikult v\u00e4ljat\u00f5mmatavad.<br \/>\nToode tarnitakse detailidena.<br \/>\nToodetud: Poolas.<\/p>\n","protected":false},"excerpt":{"rendered":"<p>Laius: 183 cm.<br \/>\nS\u00fcgavus: 40 cm.<br \/>\nK\u00f5rgus: 61 cm.<br \/>\nTarneaeg: laos kohe olemas.<\/p>\n","protected":false},"featured_media":78944,"template":"","meta":{"_acf_changed":false,"inline_featured_image":false},"series":[3540],"product_brand":[2945],"product_cat":[34,2922],"product_tag":[],"class_list":{"0":"post-78980","1":"product","2":"type-product","3":"status-publish","4":"has-post-thumbnail","6":"series-vigo-mooblisari","7":"product_brand-liveo","8":"product_cat-tv-alused","9":"product_cat-tv-alused-laos","11":"first","12":"instock","13":"taxable","14":"shipping-taxable","15":"purchasable","16":"product-type-simple"},"acf":[],"_links":{"self":[{"href":"https:\/\/mobecor.ee\/en\/wp-json\/wp\/v2\/product\/78980","targetHints":{"allow":["GET"]}}],"collection":[{"href":"https:\/\/mobecor.ee\/en\/wp-json\/wp\/v2\/product"}],"about":[{"href":"https:\/\/mobecor.ee\/en\/wp-json\/wp\/v2\/types\/product"}],"wp:featuredmedia":[{"embeddable":true,"href":"https:\/\/mobecor.ee\/en\/wp-json\/wp\/v2\/media\/78944"}],"wp:attachment":[{"href":"https:\/\/mobecor.ee\/en\/wp-json\/wp\/v2\/media?parent=78980"}],"wp:term":[{"taxonomy":"series","embeddable":true,"href":"https:\/\/mobecor.ee\/en\/wp-json\/wp\/v2\/series?post=78980"},{"taxonomy":"product_brand","embeddable":true,"href":"https:\/\/mobecor.ee\/en\/wp-json\/wp\/v2\/product_brand?post=78980"},{"taxonomy":"product_cat","embeddable":true,"href":"https:\/\/mobecor.ee\/en\/wp-json\/wp\/v2\/product_cat?post=78980"},{"taxonomy":"product_tag","embeddable":true,"href":"https:\/\/mobecor.ee\/en\/wp-json\/wp\/v2\/product_tag?post=78980"}],"curies":[{"name":"wp","href":"https:\/\/api.w.org\/{rel}","templated":true}]}}