{"id":78982,"date":"2025-09-24T14:43:48","date_gmt":"2025-09-24T11:43:48","guid":{"rendered":"https:\/\/mobecor.ee\/?post_type=product&#038;p=78982"},"modified":"2026-03-27T10:44:33","modified_gmt":"2026-03-27T08:44:33","slug":"kummut-vigo-vg04","status":"publish","type":"product","link":"https:\/\/mobecor.ee\/en\/toode\/kummut-vigo-vg04\/","title":{"rendered":"Kummut Vigo VG04 (138\/40\/88)"},"content":{"rendered":"<p>Kummutil on 6 sahtlit.<br \/>\nKorpus: 16 mm lamineeritud puitlaastplaat\/ 32 mm MDF-k\u00fcljeriba.<br \/>\nPealmine plaat: 16 mm lamineeritud puitlaastplaat.<br \/>\nEsipaneelid: 18 mm MDF-plaat.<br \/>\nV\u00e4rv: ka\u0161miir.<br \/>\nKolmes tasapinnas reguleeritavad hinged \u1d69 35 mm.<br \/>\nMusta v\u00e4rvi metallist jalad, 18 cm. Mittereguleeritavad.<br \/>\nMusta v\u00e4rvi metallist k\u00e4epidemed.<br \/>\nGTV kuullaagriga liugsahtlid, t\u00e4ielikult v\u00e4ljat\u00f5mmatavad.<br \/>\nToode tarnitakse detailidena.<br \/>\nToodetud: Poolas.<\/p>\n","protected":false},"excerpt":{"rendered":"<p>Laius: 138 cm.<br \/>\nS\u00fcgavus: 40 cm.<br \/>\nK\u00f5rgus: 88 cm.<br \/>\n<strong>Tarneaeg: kohe olemas V\u00f5ru laos (pakendis) ja Tartu poes (kokku monteerituna).<\/strong><\/p>\n","protected":false},"featured_media":78940,"template":"","meta":{"_acf_changed":false,"inline_featured_image":false},"series":[3540],"product_brand":[2945],"product_cat":[36,2928,4020],"product_tag":[],"class_list":{"0":"post-78982","1":"product","2":"type-product","3":"status-publish","4":"has-post-thumbnail","6":"series-vigo-mooblisari","7":"product_brand-liveo","8":"product_cat-kummutid","9":"product_cat-kummutid-ja-kapid-laos","10":"product_cat-kohe-olemas-tartu-poes","12":"first","13":"instock","14":"taxable","15":"shipping-taxable","16":"purchasable","17":"product-type-simple"},"acf":[],"_links":{"self":[{"href":"https:\/\/mobecor.ee\/en\/wp-json\/wp\/v2\/product\/78982","targetHints":{"allow":["GET"]}}],"collection":[{"href":"https:\/\/mobecor.ee\/en\/wp-json\/wp\/v2\/product"}],"about":[{"href":"https:\/\/mobecor.ee\/en\/wp-json\/wp\/v2\/types\/product"}],"wp:featuredmedia":[{"embeddable":true,"href":"https:\/\/mobecor.ee\/en\/wp-json\/wp\/v2\/media\/78940"}],"wp:attachment":[{"href":"https:\/\/mobecor.ee\/en\/wp-json\/wp\/v2\/media?parent=78982"}],"wp:term":[{"taxonomy":"series","embeddable":true,"href":"https:\/\/mobecor.ee\/en\/wp-json\/wp\/v2\/series?post=78982"},{"taxonomy":"product_brand","embeddable":true,"href":"https:\/\/mobecor.ee\/en\/wp-json\/wp\/v2\/product_brand?post=78982"},{"taxonomy":"product_cat","embeddable":true,"href":"https:\/\/mobecor.ee\/en\/wp-json\/wp\/v2\/product_cat?post=78982"},{"taxonomy":"product_tag","embeddable":true,"href":"https:\/\/mobecor.ee\/en\/wp-json\/wp\/v2\/product_tag?post=78982"}],"curies":[{"name":"wp","href":"https:\/\/api.w.org\/{rel}","templated":true}]}}