{"id":78985,"date":"2025-09-24T14:51:56","date_gmt":"2025-09-24T11:51:56","guid":{"rendered":"https:\/\/mobecor.ee\/?post_type=product&#038;p=78985"},"modified":"2026-03-27T10:42:28","modified_gmt":"2026-03-27T08:42:28","slug":"vitriin-vigo-vg07","status":"publish","type":"product","link":"https:\/\/mobecor.ee\/en\/toode\/vitriin-vigo-vg07\/","title":{"rendered":"Vitriinkapp Vigo VG07 (90\/40\/160,5)"},"content":{"rendered":"<p>Vitriinkapil on 4 ust ja 1 sahtel.<br \/>\n\u00dclemised uksed on osaliselt tugevast karastatud klaasist. Klaasi v\u00e4rvus: antisol grafiit.<br \/>\nLisavalikuna v\u00f5imalik juurde osta led valgustus (led 650 mm, k\u00fclm valge + toiteplokk 12W\/kaugjuhtimispult\/6-punktiline jaotur\/kaablid).<br \/>\nKorpus: 16 mm lamineeritud puitlaastplaat\/ 32 mm MDF-k\u00fcljeriba.<br \/>\nPealmine plaat: 16 mm lamineeritud puitlaastplaat.<br \/>\nEsipaneelid: 18 mm MDF-plaat.<br \/>\nV\u00e4rv: ka\u0161miir.<br \/>\nKolmes tasapinnas reguleeritavad hinged \u1d69 35 mm.<br \/>\nMusta v\u00e4rvi metallist jalad, 18 cm. Mittereguleeritavad.<br \/>\nMusta v\u00e4rvi metallist k\u00e4epidemed.<br \/>\nUksed on vaikselt sulguvad.<br \/>\nGTV kuullaagriga liugsahtel, t\u00e4ielikult v\u00e4ljat\u00f5mmatav.<br \/>\nToode tarnitakse detailidena.<br \/>\nToodetud: Poolas.<\/p>\n","protected":false},"excerpt":{"rendered":"<p>Laius: 90 cm.<br \/>\nS\u00fcgavus: 40 cm.<br \/>\nK\u00f5rgus: 160,5 cm.<br \/>\nTarneaeg: laos kohe olemas.<\/p>\n","protected":false},"featured_media":78916,"template":"","meta":{"_acf_changed":false,"inline_featured_image":false},"series":[3540],"product_brand":[2945],"product_cat":[33,2925],"product_tag":[],"class_list":{"0":"post-78985","1":"product","2":"type-product","3":"status-publish","4":"has-post-thumbnail","6":"series-vigo-mooblisari","7":"product_brand-liveo","8":"product_cat-vitriinid","9":"product_cat-vitriinkapid-ja-seinakapid-laos","11":"first","12":"instock","13":"taxable","14":"shipping-taxable","15":"purchasable","16":"product-type-variable"},"acf":[],"_links":{"self":[{"href":"https:\/\/mobecor.ee\/en\/wp-json\/wp\/v2\/product\/78985","targetHints":{"allow":["GET"]}}],"collection":[{"href":"https:\/\/mobecor.ee\/en\/wp-json\/wp\/v2\/product"}],"about":[{"href":"https:\/\/mobecor.ee\/en\/wp-json\/wp\/v2\/types\/product"}],"wp:featuredmedia":[{"embeddable":true,"href":"https:\/\/mobecor.ee\/en\/wp-json\/wp\/v2\/media\/78916"}],"wp:attachment":[{"href":"https:\/\/mobecor.ee\/en\/wp-json\/wp\/v2\/media?parent=78985"}],"wp:term":[{"taxonomy":"series","embeddable":true,"href":"https:\/\/mobecor.ee\/en\/wp-json\/wp\/v2\/series?post=78985"},{"taxonomy":"product_brand","embeddable":true,"href":"https:\/\/mobecor.ee\/en\/wp-json\/wp\/v2\/product_brand?post=78985"},{"taxonomy":"product_cat","embeddable":true,"href":"https:\/\/mobecor.ee\/en\/wp-json\/wp\/v2\/product_cat?post=78985"},{"taxonomy":"product_tag","embeddable":true,"href":"https:\/\/mobecor.ee\/en\/wp-json\/wp\/v2\/product_tag?post=78985"}],"curies":[{"name":"wp","href":"https:\/\/api.w.org\/{rel}","templated":true}]}}