{"id":78988,"date":"2025-09-24T14:58:52","date_gmt":"2025-09-24T11:58:52","guid":{"rendered":"https:\/\/mobecor.ee\/?post_type=product&#038;p=78988"},"modified":"2026-03-19T07:36:49","modified_gmt":"2026-03-19T05:36:49","slug":"vitriinkapp-vigo-vg08","status":"publish","type":"product","link":"https:\/\/mobecor.ee\/en\/toode\/vitriinkapp-vigo-vg08\/","title":{"rendered":"Vitriinkapp Vigo VG08 (67,5\/40\/197)"},"content":{"rendered":"<p>Vitriinkapil on 2 ust ja 1 sahtel.<br \/>\n\u00dclemine uks on osaliselt tugevast karastatud klaasist. Klaasi v\u00e4rvus: antisol grafiit.<br \/>\nLisavalikuna v\u00f5imalik juurde osta led valgustus (2 x led 430 mm, k\u00fclm valge + toiteplokk 24W\/kaugjuhtimispult\/6-punktiline jaotur\/kaablid).<br \/>\nKorpus: 16 mm lamineeritud puitlaastplaat\/ 32 mm MDF-k\u00fcljeriba.<br \/>\nPealmine plaat: 16 mm lamineeritud puitlaastplaat.<br \/>\nEsipaneelid: 18 mm MDF-plaat.<br \/>\nV\u00e4rv: ka\u0161miir.<br \/>\nKolmes tasapinnas reguleeritavad hinged \u1d69 35 mm.<br \/>\nMusta v\u00e4rvi metallist jalad, 18 cm. Mittereguleeritavad.<br \/>\nMusta v\u00e4rvi metallist k\u00e4epidemed.<br \/>\nUksed on vaikselt sulguvad.<br \/>\nGTV kuullaagriga liugsahtel, t\u00e4ielikult v\u00e4ljat\u00f5mmatav.<br \/>\nToode tarnitakse detailidena.<br \/>\nToodetud: Poolas.<\/p>\n","protected":false},"excerpt":{"rendered":"<p>Laius: 67,5 cm.<br \/>\nS\u00fcgavus: 40 cm.<br \/>\nK\u00f5rgus: 197 cm.<br \/>\nTarneaeg: 4-8 n\u00e4dalat.<\/p>\n","protected":false},"featured_media":78974,"template":"","meta":{"_acf_changed":false,"inline_featured_image":false},"series":[3540],"product_brand":[2945],"product_cat":[33],"product_tag":[],"class_list":{"0":"post-78988","1":"product","2":"type-product","3":"status-publish","4":"has-post-thumbnail","6":"series-vigo-mooblisari","7":"product_brand-liveo","8":"product_cat-vitriinid","10":"first","11":"instock","12":"taxable","13":"shipping-taxable","14":"purchasable","15":"product-type-variable"},"acf":[],"_links":{"self":[{"href":"https:\/\/mobecor.ee\/en\/wp-json\/wp\/v2\/product\/78988","targetHints":{"allow":["GET"]}}],"collection":[{"href":"https:\/\/mobecor.ee\/en\/wp-json\/wp\/v2\/product"}],"about":[{"href":"https:\/\/mobecor.ee\/en\/wp-json\/wp\/v2\/types\/product"}],"wp:featuredmedia":[{"embeddable":true,"href":"https:\/\/mobecor.ee\/en\/wp-json\/wp\/v2\/media\/78974"}],"wp:attachment":[{"href":"https:\/\/mobecor.ee\/en\/wp-json\/wp\/v2\/media?parent=78988"}],"wp:term":[{"taxonomy":"series","embeddable":true,"href":"https:\/\/mobecor.ee\/en\/wp-json\/wp\/v2\/series?post=78988"},{"taxonomy":"product_brand","embeddable":true,"href":"https:\/\/mobecor.ee\/en\/wp-json\/wp\/v2\/product_brand?post=78988"},{"taxonomy":"product_cat","embeddable":true,"href":"https:\/\/mobecor.ee\/en\/wp-json\/wp\/v2\/product_cat?post=78988"},{"taxonomy":"product_tag","embeddable":true,"href":"https:\/\/mobecor.ee\/en\/wp-json\/wp\/v2\/product_tag?post=78988"}],"curies":[{"name":"wp","href":"https:\/\/api.w.org\/{rel}","templated":true}]}}