{"id":79696,"date":"2025-10-02T07:49:31","date_gmt":"2025-10-02T04:49:31","guid":{"rendered":"https:\/\/mobecor.ee\/?post_type=product&#038;p=79696"},"modified":"2026-04-02T11:52:33","modified_gmt":"2026-04-02T08:52:33","slug":"tugitool-impuls-0gr","status":"publish","type":"product","link":"https:\/\/mobecor.ee\/en\/toode\/tugitool-impuls-0gr\/","title":{"rendered":"Tugitool Impuls (84 cm) kangas 0 gr."},"content":{"rendered":"","protected":false},"excerpt":{"rendered":"<p>Laius: 84 cm.<br \/>\nS\u00fcgavus: 90 cm.<br \/>\nK\u00f5rgus: 84 cm.<br \/>\nTarneaeg: 4-8 n\u00e4dalat.<br \/>\nToodetud: Poolas.<br \/>\nNB! Kangaste v\u00e4rv v\u00f5ib veidi erineda pildil ja tegelikkuses (heledam v\u00f5i tumedam).<br \/>\nK\u00f5iki tellitavaid kangaid on v\u00f5imalik n\u00e4ha Mobecori m\u00f6\u00f6blipoes V\u00f5rus.<\/p>\n","protected":false},"featured_media":39932,"template":"","meta":{"_acf_changed":false,"inline_featured_image":false},"series":[],"product_brand":[2940],"product_cat":[195],"product_tag":[],"class_list":{"0":"post-79696","1":"product","2":"type-product","3":"status-publish","4":"has-post-thumbnail","6":"product_brand-meblar","7":"product_cat-diivanvoodid","9":"first","10":"instock","11":"taxable","12":"shipping-taxable","13":"purchasable","14":"product-type-simple"},"acf":[],"_links":{"self":[{"href":"https:\/\/mobecor.ee\/en\/wp-json\/wp\/v2\/product\/79696","targetHints":{"allow":["GET"]}}],"collection":[{"href":"https:\/\/mobecor.ee\/en\/wp-json\/wp\/v2\/product"}],"about":[{"href":"https:\/\/mobecor.ee\/en\/wp-json\/wp\/v2\/types\/product"}],"wp:featuredmedia":[{"embeddable":true,"href":"https:\/\/mobecor.ee\/en\/wp-json\/wp\/v2\/media\/39932"}],"wp:attachment":[{"href":"https:\/\/mobecor.ee\/en\/wp-json\/wp\/v2\/media?parent=79696"}],"wp:term":[{"taxonomy":"series","embeddable":true,"href":"https:\/\/mobecor.ee\/en\/wp-json\/wp\/v2\/series?post=79696"},{"taxonomy":"product_brand","embeddable":true,"href":"https:\/\/mobecor.ee\/en\/wp-json\/wp\/v2\/product_brand?post=79696"},{"taxonomy":"product_cat","embeddable":true,"href":"https:\/\/mobecor.ee\/en\/wp-json\/wp\/v2\/product_cat?post=79696"},{"taxonomy":"product_tag","embeddable":true,"href":"https:\/\/mobecor.ee\/en\/wp-json\/wp\/v2\/product_tag?post=79696"}],"curies":[{"name":"wp","href":"https:\/\/api.w.org\/{rel}","templated":true}]}}