{"id":80339,"date":"2025-10-08T09:14:04","date_gmt":"2025-10-08T06:14:04","guid":{"rendered":"https:\/\/mobecor.ee\/?post_type=product&#038;p=80339"},"modified":"2025-12-30T08:17:23","modified_gmt":"2025-12-30T06:17:23","slug":"pikendatav-soogilaud-minura-40-160-240-90-76","status":"publish","type":"product","link":"https:\/\/mobecor.ee\/en\/toode\/pikendatav-soogilaud-minura-40-160-240-90-76\/","title":{"rendered":"Pikendatav s\u00f6\u00f6gilaud Minura 40 (160-240\/90\/76)"},"content":{"rendered":"<p><span dir=\"auto\">Materjal: tamme t\u00e4ispuit + m\u00f6\u00f6bliplaat.<br \/>\nV\u00e4rv: <\/span><span dir=\"auto\">naturaalne okslik tamm.<br \/>\nToolid ei kuulu komplekti.<br \/>\nToode tarnitakse osadena.<br \/>\nToodetud: Poolas<\/span><\/p>\n","protected":false},"excerpt":{"rendered":"<p><span dir=\"auto\">Laius:\u00a0<\/span><span dir=\"auto\">160 cm.<br \/>\n<\/span><span dir=\"auto\">Laius lahtivoldituna:\u00a0<\/span><span dir=\"auto\">240 cm.<br \/>\n<\/span><span dir=\"auto\">S\u00fcgavus: <\/span><span dir=\"auto\">90 cm.<br \/>\nK\u00f5rgus:\u00a076 cm.<br \/>\nTarneaeg: 4-8 n\u00e4dalat.<\/span><\/p>\n","protected":false},"featured_media":80340,"template":"","meta":{"_acf_changed":false,"inline_featured_image":false},"series":[3976],"product_brand":[2941],"product_cat":[219],"product_tag":[],"class_list":{"0":"post-80339","1":"product","2":"type-product","3":"status-publish","4":"has-post-thumbnail","6":"series-minura-mooblisari","7":"product_brand-szynaka","8":"product_cat-soogilauad","10":"first","11":"instock","12":"taxable","13":"shipping-taxable","14":"purchasable","15":"product-type-simple"},"acf":[],"_links":{"self":[{"href":"https:\/\/mobecor.ee\/en\/wp-json\/wp\/v2\/product\/80339","targetHints":{"allow":["GET"]}}],"collection":[{"href":"https:\/\/mobecor.ee\/en\/wp-json\/wp\/v2\/product"}],"about":[{"href":"https:\/\/mobecor.ee\/en\/wp-json\/wp\/v2\/types\/product"}],"wp:featuredmedia":[{"embeddable":true,"href":"https:\/\/mobecor.ee\/en\/wp-json\/wp\/v2\/media\/80340"}],"wp:attachment":[{"href":"https:\/\/mobecor.ee\/en\/wp-json\/wp\/v2\/media?parent=80339"}],"wp:term":[{"taxonomy":"series","embeddable":true,"href":"https:\/\/mobecor.ee\/en\/wp-json\/wp\/v2\/series?post=80339"},{"taxonomy":"product_brand","embeddable":true,"href":"https:\/\/mobecor.ee\/en\/wp-json\/wp\/v2\/product_brand?post=80339"},{"taxonomy":"product_cat","embeddable":true,"href":"https:\/\/mobecor.ee\/en\/wp-json\/wp\/v2\/product_cat?post=80339"},{"taxonomy":"product_tag","embeddable":true,"href":"https:\/\/mobecor.ee\/en\/wp-json\/wp\/v2\/product_tag?post=80339"}],"curies":[{"name":"wp","href":"https:\/\/api.w.org\/{rel}","templated":true}]}}