{"id":80884,"date":"2025-10-09T11:26:53","date_gmt":"2025-10-09T08:26:53","guid":{"rendered":"https:\/\/mobecor.ee\/?post_type=product&#038;p=80884"},"modified":"2026-03-27T10:37:56","modified_gmt":"2026-03-27T08:37:56","slug":"diivanilaud-windsor-12-90-68-40","status":"publish","type":"product","link":"https:\/\/mobecor.ee\/en\/toode\/diivanilaud-windsor-12-90-68-40\/","title":{"rendered":"Diivanilaud Windsor W12 (90\/68\/40)"},"content":{"rendered":"<p>Diivanilaua plaat on valmistatud lamineeritud m\u00f6\u00f6bliplaadist, soojas heledas ka\u0161miiri toonis.<br \/>\nLauaplaadi all on freesitud riba.<br \/>\nTugevad, tammepuidust jalad on vastupidavad, stabiilsed ja 100% looduslikud \u2013 r\u00f5hutavad k\u00f5rget kvaliteeti.<br \/>\nToodetud: Poolas.<br \/>\nToode tarnitakse detailidena.<\/p>\n","protected":false},"excerpt":{"rendered":"<p>Laius: 90 cm.<br \/>\nS\u00fcgavus: 68 cm.<br \/>\nK\u00f5rgus: 40 cm.<br \/>\n<strong>Tarneaeg: kohe olemas V\u00f5ru laos (pakendis) ja Tartu poes (kokku monteerituna).<\/strong><\/p>\n","protected":false},"featured_media":64606,"template":"","meta":{"_acf_changed":false,"inline_featured_image":false},"series":[3609],"product_brand":[2946],"product_cat":[2929,4020,37],"product_tag":[],"class_list":{"0":"post-80884","1":"product","2":"type-product","3":"status-publish","4":"has-post-thumbnail","6":"series-windsor-mooblisari","7":"product_brand-jarstol","8":"product_cat-diivanilauad-laos","9":"product_cat-kohe-olemas-tartu-poes","10":"product_cat-diivanilauad","12":"first","13":"instock","14":"taxable","15":"shipping-taxable","16":"purchasable","17":"product-type-simple"},"acf":[],"_links":{"self":[{"href":"https:\/\/mobecor.ee\/en\/wp-json\/wp\/v2\/product\/80884","targetHints":{"allow":["GET"]}}],"collection":[{"href":"https:\/\/mobecor.ee\/en\/wp-json\/wp\/v2\/product"}],"about":[{"href":"https:\/\/mobecor.ee\/en\/wp-json\/wp\/v2\/types\/product"}],"wp:featuredmedia":[{"embeddable":true,"href":"https:\/\/mobecor.ee\/en\/wp-json\/wp\/v2\/media\/64606"}],"wp:attachment":[{"href":"https:\/\/mobecor.ee\/en\/wp-json\/wp\/v2\/media?parent=80884"}],"wp:term":[{"taxonomy":"series","embeddable":true,"href":"https:\/\/mobecor.ee\/en\/wp-json\/wp\/v2\/series?post=80884"},{"taxonomy":"product_brand","embeddable":true,"href":"https:\/\/mobecor.ee\/en\/wp-json\/wp\/v2\/product_brand?post=80884"},{"taxonomy":"product_cat","embeddable":true,"href":"https:\/\/mobecor.ee\/en\/wp-json\/wp\/v2\/product_cat?post=80884"},{"taxonomy":"product_tag","embeddable":true,"href":"https:\/\/mobecor.ee\/en\/wp-json\/wp\/v2\/product_tag?post=80884"}],"curies":[{"name":"wp","href":"https:\/\/api.w.org\/{rel}","templated":true}]}}