{"id":80972,"date":"2025-10-10T09:39:46","date_gmt":"2025-10-10T06:39:46","guid":{"rendered":"https:\/\/mobecor.ee\/?post_type=product&#038;p=80972"},"modified":"2025-10-22T13:51:32","modified_gmt":"2025-10-22T10:51:32","slug":"kummut-g-3-190-405-86","status":"publish","type":"product","link":"https:\/\/mobecor.ee\/en\/toode\/kummut-g-3-190-405-86\/","title":{"rendered":"Kummut Grande J G-3 (190\/40,5\/86)"},"content":{"rendered":"<p>Avar ja elegantne kummut millel on 3 kappi ja 3 sahtlit.<br \/>\nV\u00e4rv: Cremona tamm.<br \/>\n<span dir=\"auto\">Korpus: 32 mm lamineeritud m\u00f6\u00f6bliplaat.<br \/>\n<\/span><span dir=\"auto\">Esik\u00fcljed: lamineeritud m\u00f6\u00f6bliplaat.<br \/>\n<\/span><span dir=\"auto\">Serv: ABS-vineer.<br \/>\n<\/span>Toodetud: Poolas.<br \/>\nTarnitakse detailidena.<\/p>\n","protected":false},"excerpt":{"rendered":"<p>Laius: 190 cm.<br \/>\nS\u00fcgavus: 40,5 cm.<br \/>\nK\u00f5rgus: 86 cm.<br \/>\nTarneaeg: 4-8 n\u00e4dalat.<\/p>\n","protected":false},"featured_media":80973,"template":"","meta":{"_acf_changed":false,"inline_featured_image":false},"series":[3611],"product_brand":[2946],"product_cat":[36],"product_tag":[],"class_list":{"0":"post-80972","1":"product","2":"type-product","3":"status-publish","4":"has-post-thumbnail","6":"series-grande-mooblisari","7":"product_brand-jarstol","8":"product_cat-kummutid","10":"first","11":"instock","12":"taxable","13":"shipping-taxable","14":"purchasable","15":"product-type-simple"},"acf":[],"_links":{"self":[{"href":"https:\/\/mobecor.ee\/en\/wp-json\/wp\/v2\/product\/80972","targetHints":{"allow":["GET"]}}],"collection":[{"href":"https:\/\/mobecor.ee\/en\/wp-json\/wp\/v2\/product"}],"about":[{"href":"https:\/\/mobecor.ee\/en\/wp-json\/wp\/v2\/types\/product"}],"wp:featuredmedia":[{"embeddable":true,"href":"https:\/\/mobecor.ee\/en\/wp-json\/wp\/v2\/media\/80973"}],"wp:attachment":[{"href":"https:\/\/mobecor.ee\/en\/wp-json\/wp\/v2\/media?parent=80972"}],"wp:term":[{"taxonomy":"series","embeddable":true,"href":"https:\/\/mobecor.ee\/en\/wp-json\/wp\/v2\/series?post=80972"},{"taxonomy":"product_brand","embeddable":true,"href":"https:\/\/mobecor.ee\/en\/wp-json\/wp\/v2\/product_brand?post=80972"},{"taxonomy":"product_cat","embeddable":true,"href":"https:\/\/mobecor.ee\/en\/wp-json\/wp\/v2\/product_cat?post=80972"},{"taxonomy":"product_tag","embeddable":true,"href":"https:\/\/mobecor.ee\/en\/wp-json\/wp\/v2\/product_tag?post=80972"}],"curies":[{"name":"wp","href":"https:\/\/api.w.org\/{rel}","templated":true}]}}