{"id":80979,"date":"2025-10-10T09:46:38","date_gmt":"2025-10-10T06:46:38","guid":{"rendered":"https:\/\/mobecor.ee\/?post_type=product&#038;p=80979"},"modified":"2026-02-12T10:45:35","modified_gmt":"2026-02-12T08:45:35","slug":"vitriinkapp-g-4-68-405-200","status":"publish","type":"product","link":"https:\/\/mobecor.ee\/en\/toode\/vitriinkapp-g-4-68-405-200\/","title":{"rendered":"VITRIINKAPP Grande J G-4 (68\/40,5\/200)"},"content":{"rendered":"<p>1-uksega k\u00f5rge vitriinkapp millel on klaasist esik\u00fclg ja karastatud klaasist riiulid.<br \/>\nV\u00e4rv: Cremona tamm.<br \/>\n<span dir=\"auto\">Korpus: 32 mm lamineeritud m\u00f6\u00f6bliplaat.<br \/>\n<\/span><span dir=\"auto\">Esik\u00fcljed: lamineeritud m\u00f6\u00f6bliplaat.<br \/>\n<\/span><span dir=\"auto\">Serv: ABS-vineer.<br \/>\n<\/span>Toodetud: Poolas.<br \/>\nTarnitakse detailidena.<\/p>\n","protected":false},"excerpt":{"rendered":"<p>Laius: 68 cm.<br \/>\nS\u00fcgavus: 40,5 cm.<br \/>\nK\u00f5rgus: 200 cm.<br \/>\nTarneaeg: 4-8 n\u00e4dalat.<\/p>\n","protected":false},"featured_media":80980,"template":"","meta":{"_acf_changed":false,"inline_featured_image":false},"series":[3611],"product_brand":[2946],"product_cat":[33],"product_tag":[],"class_list":{"0":"post-80979","1":"product","2":"type-product","3":"status-publish","4":"has-post-thumbnail","6":"series-grande-mooblisari","7":"product_brand-jarstol","8":"product_cat-vitriinid","10":"first","11":"instock","12":"taxable","13":"shipping-taxable","14":"purchasable","15":"product-type-simple"},"acf":[],"_links":{"self":[{"href":"https:\/\/mobecor.ee\/en\/wp-json\/wp\/v2\/product\/80979","targetHints":{"allow":["GET"]}}],"collection":[{"href":"https:\/\/mobecor.ee\/en\/wp-json\/wp\/v2\/product"}],"about":[{"href":"https:\/\/mobecor.ee\/en\/wp-json\/wp\/v2\/types\/product"}],"wp:featuredmedia":[{"embeddable":true,"href":"https:\/\/mobecor.ee\/en\/wp-json\/wp\/v2\/media\/80980"}],"wp:attachment":[{"href":"https:\/\/mobecor.ee\/en\/wp-json\/wp\/v2\/media?parent=80979"}],"wp:term":[{"taxonomy":"series","embeddable":true,"href":"https:\/\/mobecor.ee\/en\/wp-json\/wp\/v2\/series?post=80979"},{"taxonomy":"product_brand","embeddable":true,"href":"https:\/\/mobecor.ee\/en\/wp-json\/wp\/v2\/product_brand?post=80979"},{"taxonomy":"product_cat","embeddable":true,"href":"https:\/\/mobecor.ee\/en\/wp-json\/wp\/v2\/product_cat?post=80979"},{"taxonomy":"product_tag","embeddable":true,"href":"https:\/\/mobecor.ee\/en\/wp-json\/wp\/v2\/product_tag?post=80979"}],"curies":[{"name":"wp","href":"https:\/\/api.w.org\/{rel}","templated":true}]}}