{"id":80984,"date":"2025-10-10T10:07:34","date_gmt":"2025-10-10T07:07:34","guid":{"rendered":"https:\/\/mobecor.ee\/?post_type=product&#038;p=80984"},"modified":"2026-02-12T10:45:04","modified_gmt":"2026-02-12T08:45:04","slug":"tv-alus-g-5-190-405-525","status":"publish","type":"product","link":"https:\/\/mobecor.ee\/en\/toode\/tv-alus-g-5-190-405-525\/","title":{"rendered":"Tv-alus Grande J G-5 (190\/40,5\/52,5)"},"content":{"rendered":"<p><span dir=\"auto\">3<\/span><span dir=\"auto\"> suletud esipaneeliga kappi.<br \/>\nSahtel pehme sulgumismehhanismiga.<br \/>\nV\u00e4rv: Cremona tamm.<br \/>\nKorpus: 32 mm lamineeritud m\u00f6\u00f6bliplaat.<br \/>\nEsik\u00fcljed: lamineeritud m\u00f6\u00f6bliplaat.<br \/>\nServ: ABS-vineer.<br \/>\nToodetud: Poolas.<br \/>\nTarnitakse detailidena.<br \/>\n<\/span><\/p>\n","protected":false},"excerpt":{"rendered":"<p>Laius: 190 cm.<br \/>\nS\u00fcgavus: 40,5 cm.<br \/>\nK\u00f5rgus: 52,5 cm.<br \/>\nTarneaeg: 4-8 n\u00e4dalat.<\/p>\n","protected":false},"featured_media":80985,"template":"","meta":{"_acf_changed":false,"inline_featured_image":false},"series":[3611],"product_brand":[2946],"product_cat":[34],"product_tag":[],"class_list":{"0":"post-80984","1":"product","2":"type-product","3":"status-publish","4":"has-post-thumbnail","6":"series-grande-mooblisari","7":"product_brand-jarstol","8":"product_cat-tv-alused","10":"first","11":"instock","12":"taxable","13":"shipping-taxable","14":"purchasable","15":"product-type-simple"},"acf":[],"_links":{"self":[{"href":"https:\/\/mobecor.ee\/en\/wp-json\/wp\/v2\/product\/80984","targetHints":{"allow":["GET"]}}],"collection":[{"href":"https:\/\/mobecor.ee\/en\/wp-json\/wp\/v2\/product"}],"about":[{"href":"https:\/\/mobecor.ee\/en\/wp-json\/wp\/v2\/types\/product"}],"wp:featuredmedia":[{"embeddable":true,"href":"https:\/\/mobecor.ee\/en\/wp-json\/wp\/v2\/media\/80985"}],"wp:attachment":[{"href":"https:\/\/mobecor.ee\/en\/wp-json\/wp\/v2\/media?parent=80984"}],"wp:term":[{"taxonomy":"series","embeddable":true,"href":"https:\/\/mobecor.ee\/en\/wp-json\/wp\/v2\/series?post=80984"},{"taxonomy":"product_brand","embeddable":true,"href":"https:\/\/mobecor.ee\/en\/wp-json\/wp\/v2\/product_brand?post=80984"},{"taxonomy":"product_cat","embeddable":true,"href":"https:\/\/mobecor.ee\/en\/wp-json\/wp\/v2\/product_cat?post=80984"},{"taxonomy":"product_tag","embeddable":true,"href":"https:\/\/mobecor.ee\/en\/wp-json\/wp\/v2\/product_tag?post=80984"}],"curies":[{"name":"wp","href":"https:\/\/api.w.org\/{rel}","templated":true}]}}