{"id":80996,"date":"2025-10-10T10:25:18","date_gmt":"2025-10-10T07:25:18","guid":{"rendered":"https:\/\/mobecor.ee\/?post_type=product&#038;p=80996"},"modified":"2026-02-12T10:50:44","modified_gmt":"2026-02-12T08:50:44","slug":"ookapp-g-7-475-405-525","status":"publish","type":"product","link":"https:\/\/mobecor.ee\/en\/toode\/ookapp-g-7-475-405-525\/","title":{"rendered":"\u00d6\u00f6kapp Grande J G-7 (47,5\/40,5\/52,5)"},"content":{"rendered":"<p>1-uksega \u00f6\u00f6kapp.<br \/>\nV\u00e4rv: Cremona tamm.<br \/>\n<span dir=\"auto\">Korpus: 32 mm lamineeritud m\u00f6\u00f6bliplaat.<br \/>\n<\/span><span dir=\"auto\">Esik\u00fcljed: lamineeritud m\u00f6\u00f6bliplaat.<br \/>\n<\/span><span dir=\"auto\">Serv: ABS-vineer.<br \/>\n<\/span>Toodetud: Poolas.<br \/>\nTarnitakse detailidena.<\/p>\n","protected":false},"excerpt":{"rendered":"<p>Laius: 47,5 cm.<br \/>\nS\u00fcgavus: 40,5 cm.<br \/>\nK\u00f5rgus: 52,5 cm.<br \/>\nTarneaeg: 4-8 n\u00e4dalat.<\/p>\n","protected":false},"featured_media":80997,"template":"","meta":{"_acf_changed":false,"inline_featured_image":false},"series":[3611],"product_brand":[2946],"product_cat":[231],"product_tag":[],"class_list":{"0":"post-80996","1":"product","2":"type-product","3":"status-publish","4":"has-post-thumbnail","6":"series-grande-mooblisari","7":"product_brand-jarstol","8":"product_cat-ookapid","10":"first","11":"instock","12":"taxable","13":"shipping-taxable","14":"purchasable","15":"product-type-simple"},"acf":[],"_links":{"self":[{"href":"https:\/\/mobecor.ee\/en\/wp-json\/wp\/v2\/product\/80996","targetHints":{"allow":["GET"]}}],"collection":[{"href":"https:\/\/mobecor.ee\/en\/wp-json\/wp\/v2\/product"}],"about":[{"href":"https:\/\/mobecor.ee\/en\/wp-json\/wp\/v2\/types\/product"}],"wp:featuredmedia":[{"embeddable":true,"href":"https:\/\/mobecor.ee\/en\/wp-json\/wp\/v2\/media\/80997"}],"wp:attachment":[{"href":"https:\/\/mobecor.ee\/en\/wp-json\/wp\/v2\/media?parent=80996"}],"wp:term":[{"taxonomy":"series","embeddable":true,"href":"https:\/\/mobecor.ee\/en\/wp-json\/wp\/v2\/series?post=80996"},{"taxonomy":"product_brand","embeddable":true,"href":"https:\/\/mobecor.ee\/en\/wp-json\/wp\/v2\/product_brand?post=80996"},{"taxonomy":"product_cat","embeddable":true,"href":"https:\/\/mobecor.ee\/en\/wp-json\/wp\/v2\/product_cat?post=80996"},{"taxonomy":"product_tag","embeddable":true,"href":"https:\/\/mobecor.ee\/en\/wp-json\/wp\/v2\/product_tag?post=80996"}],"curies":[{"name":"wp","href":"https:\/\/api.w.org\/{rel}","templated":true}]}}