{"id":81001,"date":"2025-10-10T10:32:59","date_gmt":"2025-10-10T07:32:59","guid":{"rendered":"https:\/\/mobecor.ee\/?post_type=product&#038;p=81001"},"modified":"2026-02-12T10:50:26","modified_gmt":"2026-02-12T08:50:26","slug":"riidekapp-g-8-865-585-200","status":"publish","type":"product","link":"https:\/\/mobecor.ee\/en\/toode\/riidekapp-g-8-865-585-200\/","title":{"rendered":"RIIDEKAPP Grande J G-8 (86,5\/58,5\/200)"},"content":{"rendered":"<p><span dir=\"auto\">2-uksega riidekapp.<br \/>\nVasakul: <\/span><span dir=\"auto\">riidepuutoru ja 2 riiulit.<\/span><br \/>\n<span dir=\"auto\">Paremal: 4 <\/span><span dir=\"auto\">avarat<\/span><span dir=\"auto\">\u00a0riiulit.<br \/>\nV\u00e4rv: Cremona tamm.<br \/>\nKorpus: 32 mm lamineeritud m\u00f6\u00f6bliplaat.<br \/>\nEsik\u00fcljed: lamineeritud m\u00f6\u00f6bliplaat.<br \/>\nServ: ABS-vineer.<br \/>\nToodetud: Poolas.<br \/>\nTarnitakse detailidena.<br \/>\n<\/span><\/p>\n","protected":false},"excerpt":{"rendered":"<p>Laius: 86,5 cm.<br \/>\nS\u00fcgavus: 58,5 cm.<br \/>\nK\u00f5rgus: 200 cm.<br \/>\nTarneaeg: 4-8 n\u00e4dalat.<\/p>\n","protected":false},"featured_media":81002,"template":"","meta":{"_acf_changed":false,"inline_featured_image":false},"series":[3611],"product_brand":[2946],"product_cat":[327],"product_tag":[],"class_list":{"0":"post-81001","1":"product","2":"type-product","3":"status-publish","4":"has-post-thumbnail","6":"series-grande-mooblisari","7":"product_brand-jarstol","8":"product_cat-2-uksega-kapid","10":"first","11":"instock","12":"taxable","13":"shipping-taxable","14":"purchasable","15":"product-type-simple"},"acf":[],"_links":{"self":[{"href":"https:\/\/mobecor.ee\/en\/wp-json\/wp\/v2\/product\/81001","targetHints":{"allow":["GET"]}}],"collection":[{"href":"https:\/\/mobecor.ee\/en\/wp-json\/wp\/v2\/product"}],"about":[{"href":"https:\/\/mobecor.ee\/en\/wp-json\/wp\/v2\/types\/product"}],"wp:featuredmedia":[{"embeddable":true,"href":"https:\/\/mobecor.ee\/en\/wp-json\/wp\/v2\/media\/81002"}],"wp:attachment":[{"href":"https:\/\/mobecor.ee\/en\/wp-json\/wp\/v2\/media?parent=81001"}],"wp:term":[{"taxonomy":"series","embeddable":true,"href":"https:\/\/mobecor.ee\/en\/wp-json\/wp\/v2\/series?post=81001"},{"taxonomy":"product_brand","embeddable":true,"href":"https:\/\/mobecor.ee\/en\/wp-json\/wp\/v2\/product_brand?post=81001"},{"taxonomy":"product_cat","embeddable":true,"href":"https:\/\/mobecor.ee\/en\/wp-json\/wp\/v2\/product_cat?post=81001"},{"taxonomy":"product_tag","embeddable":true,"href":"https:\/\/mobecor.ee\/en\/wp-json\/wp\/v2\/product_tag?post=81001"}],"curies":[{"name":"wp","href":"https:\/\/api.w.org\/{rel}","templated":true}]}}