{"id":81006,"date":"2025-10-10T10:40:27","date_gmt":"2025-10-10T07:40:27","guid":{"rendered":"https:\/\/mobecor.ee\/?post_type=product&#038;p=81006"},"modified":"2026-02-12T10:49:31","modified_gmt":"2026-02-12T08:49:31","slug":"vitriinkapp-g-9-116-405-168","status":"publish","type":"product","link":"https:\/\/mobecor.ee\/en\/toode\/vitriinkapp-g-9-116-405-168\/","title":{"rendered":"Vitriinkapp Grande J G-9 (116\/40,5\/168)"},"content":{"rendered":"<p><span dir=\"auto\">Vitriinkapi vasakul k\u00fcljel on 2 <\/span><span dir=\"auto\">kappi<\/span><span dir=\"auto\"> + 2 mahukat sahtlit.<br \/>\nParemal on 1 osaliselt karastatud klaasiga uks.<br \/>\nV\u00e4rv: Cremona tamm.<br \/>\nKorpus: 32 mm lamineeritud m\u00f6\u00f6bliplaat.<br \/>\nEsik\u00fcljed: lamineeritud m\u00f6\u00f6bliplaat.<br \/>\nServ: ABS-vineer.<br \/>\nToodetud: Poolas.<br \/>\nTarnitakse detailidena.<br \/>\n<\/span><\/p>\n","protected":false},"excerpt":{"rendered":"<p>Laius: 116 cm.<br \/>\nS\u00fcgavus: 40,5 cm.<br \/>\nK\u00f5rgus: 168 cm.<br \/>\nTarneaeg: 4-8 n\u00e4dalat.<\/p>\n","protected":false},"featured_media":81007,"template":"","meta":{"_acf_changed":false,"inline_featured_image":false},"series":[3611],"product_brand":[2946],"product_cat":[33],"product_tag":[],"class_list":{"0":"post-81006","1":"product","2":"type-product","3":"status-publish","4":"has-post-thumbnail","6":"series-grande-mooblisari","7":"product_brand-jarstol","8":"product_cat-vitriinid","10":"first","11":"instock","12":"taxable","13":"shipping-taxable","14":"purchasable","15":"product-type-simple"},"acf":[],"_links":{"self":[{"href":"https:\/\/mobecor.ee\/en\/wp-json\/wp\/v2\/product\/81006","targetHints":{"allow":["GET"]}}],"collection":[{"href":"https:\/\/mobecor.ee\/en\/wp-json\/wp\/v2\/product"}],"about":[{"href":"https:\/\/mobecor.ee\/en\/wp-json\/wp\/v2\/types\/product"}],"wp:featuredmedia":[{"embeddable":true,"href":"https:\/\/mobecor.ee\/en\/wp-json\/wp\/v2\/media\/81007"}],"wp:attachment":[{"href":"https:\/\/mobecor.ee\/en\/wp-json\/wp\/v2\/media?parent=81006"}],"wp:term":[{"taxonomy":"series","embeddable":true,"href":"https:\/\/mobecor.ee\/en\/wp-json\/wp\/v2\/series?post=81006"},{"taxonomy":"product_brand","embeddable":true,"href":"https:\/\/mobecor.ee\/en\/wp-json\/wp\/v2\/product_brand?post=81006"},{"taxonomy":"product_cat","embeddable":true,"href":"https:\/\/mobecor.ee\/en\/wp-json\/wp\/v2\/product_cat?post=81006"},{"taxonomy":"product_tag","embeddable":true,"href":"https:\/\/mobecor.ee\/en\/wp-json\/wp\/v2\/product_tag?post=81006"}],"curies":[{"name":"wp","href":"https:\/\/api.w.org\/{rel}","templated":true}]}}