{"id":81011,"date":"2025-10-10T10:51:32","date_gmt":"2025-10-10T07:51:32","guid":{"rendered":"https:\/\/mobecor.ee\/?post_type=product&#038;p=81011"},"modified":"2025-10-22T13:53:58","modified_gmt":"2025-10-22T10:53:58","slug":"diivanilaud-g-10-90-58-37","status":"publish","type":"product","link":"https:\/\/mobecor.ee\/en\/toode\/diivanilaud-g-10-90-58-37\/","title":{"rendered":"Diivanilaud Grande J G-10 (90\/58\/37)"},"content":{"rendered":"<p>Diivanilaual on \u00fchel pool sahtel, teisel pool riiul.<br \/>\nV\u00e4rv: Cremona tamm.<br \/>\n<span dir=\"auto\">Korpus: 32 mm lamineeritud m\u00f6\u00f6bliplaat.<br \/>\n<\/span><span dir=\"auto\">Esik\u00fcljed: lamineeritud m\u00f6\u00f6bliplaat.<br \/>\n<\/span><span dir=\"auto\">Serv: ABS-vineer.<br \/>\n<\/span>Toodetud: Poolas.<br \/>\nTarnitakse detailidena.<\/p>\n","protected":false},"excerpt":{"rendered":"<p>Laius: 90 cm.<br \/>\nS\u00fcgavus: 58 cm.<br \/>\nK\u00f5rgus: 37 cm.<br \/>\nTarneaeg: 4-8 n\u00e4dalat.<\/p>\n","protected":false},"featured_media":81012,"template":"","meta":{"_acf_changed":false,"inline_featured_image":false},"series":[3611],"product_brand":[2946],"product_cat":[37],"product_tag":[],"class_list":{"0":"post-81011","1":"product","2":"type-product","3":"status-publish","4":"has-post-thumbnail","6":"series-grande-mooblisari","7":"product_brand-jarstol","8":"product_cat-diivanilauad","10":"first","11":"instock","12":"taxable","13":"shipping-taxable","14":"purchasable","15":"product-type-simple"},"acf":[],"_links":{"self":[{"href":"https:\/\/mobecor.ee\/en\/wp-json\/wp\/v2\/product\/81011","targetHints":{"allow":["GET"]}}],"collection":[{"href":"https:\/\/mobecor.ee\/en\/wp-json\/wp\/v2\/product"}],"about":[{"href":"https:\/\/mobecor.ee\/en\/wp-json\/wp\/v2\/types\/product"}],"wp:featuredmedia":[{"embeddable":true,"href":"https:\/\/mobecor.ee\/en\/wp-json\/wp\/v2\/media\/81012"}],"wp:attachment":[{"href":"https:\/\/mobecor.ee\/en\/wp-json\/wp\/v2\/media?parent=81011"}],"wp:term":[{"taxonomy":"series","embeddable":true,"href":"https:\/\/mobecor.ee\/en\/wp-json\/wp\/v2\/series?post=81011"},{"taxonomy":"product_brand","embeddable":true,"href":"https:\/\/mobecor.ee\/en\/wp-json\/wp\/v2\/product_brand?post=81011"},{"taxonomy":"product_cat","embeddable":true,"href":"https:\/\/mobecor.ee\/en\/wp-json\/wp\/v2\/product_cat?post=81011"},{"taxonomy":"product_tag","embeddable":true,"href":"https:\/\/mobecor.ee\/en\/wp-json\/wp\/v2\/product_tag?post=81011"}],"curies":[{"name":"wp","href":"https:\/\/api.w.org\/{rel}","templated":true}]}}