{"id":81027,"date":"2025-10-10T17:41:52","date_gmt":"2025-10-10T14:41:52","guid":{"rendered":"https:\/\/mobecor.ee\/?post_type=product&#038;p=81027"},"modified":"2026-04-10T11:34:07","modified_gmt":"2026-04-10T08:34:07","slug":"diivanilaud-g-05-120-65-46","status":"publish","type":"product","link":"https:\/\/mobecor.ee\/en\/toode\/diivanilaud-g-05-120-65-46\/","title":{"rendered":"Diivanilaud Denver D-05 (120\/65\/46)"},"content":{"rendered":"<p>Diivanilaual on lauaplaadi all 3 sektsiooni.<br \/>\nMaterjal: kvaliteetne\u00a0lamineeritud m\u00f6\u00f6bliplaat.<br \/>\nServad: ABS.<br \/>\nV\u00e4rv: tamm monastery\/lisav\u00e4rv: l\u00e4ikiv must;<br \/>\nToode tarnitakse detailidena.<br \/>\nToodetud: Poolas.<\/p>\n","protected":false},"excerpt":{"rendered":"<p>Diivanilaual on lauaplaadi all 3 sektsiooni. Materjal: kvaliteetne\u00a0lamineeritud m\u00f6\u00f6bliplaat. Servad: ABS. V\u00e4rv: tamm monastery\/lisav\u00e4rv: l\u00e4ikiv must; Toode tarnitakse detailidena. Toodetud:&#8230;<\/p>\n","protected":false},"featured_media":81028,"template":"","meta":{"_acf_changed":false,"inline_featured_image":false},"series":[2991],"product_brand":[2954],"product_cat":[37],"product_tag":[],"class_list":{"0":"post-81027","1":"product","2":"type-product","3":"status-publish","4":"has-post-thumbnail","6":"series-denver","7":"product_brand-gib","8":"product_cat-diivanilauad","10":"first","11":"instock","12":"taxable","13":"shipping-taxable","14":"purchasable","15":"product-type-simple"},"acf":[],"_links":{"self":[{"href":"https:\/\/mobecor.ee\/en\/wp-json\/wp\/v2\/product\/81027","targetHints":{"allow":["GET"]}}],"collection":[{"href":"https:\/\/mobecor.ee\/en\/wp-json\/wp\/v2\/product"}],"about":[{"href":"https:\/\/mobecor.ee\/en\/wp-json\/wp\/v2\/types\/product"}],"wp:featuredmedia":[{"embeddable":true,"href":"https:\/\/mobecor.ee\/en\/wp-json\/wp\/v2\/media\/81028"}],"wp:attachment":[{"href":"https:\/\/mobecor.ee\/en\/wp-json\/wp\/v2\/media?parent=81027"}],"wp:term":[{"taxonomy":"series","embeddable":true,"href":"https:\/\/mobecor.ee\/en\/wp-json\/wp\/v2\/series?post=81027"},{"taxonomy":"product_brand","embeddable":true,"href":"https:\/\/mobecor.ee\/en\/wp-json\/wp\/v2\/product_brand?post=81027"},{"taxonomy":"product_cat","embeddable":true,"href":"https:\/\/mobecor.ee\/en\/wp-json\/wp\/v2\/product_cat?post=81027"},{"taxonomy":"product_tag","embeddable":true,"href":"https:\/\/mobecor.ee\/en\/wp-json\/wp\/v2\/product_tag?post=81027"}],"curies":[{"name":"wp","href":"https:\/\/api.w.org\/{rel}","templated":true}]}}