{"id":81627,"date":"2025-10-20T11:57:44","date_gmt":"2025-10-20T08:57:44","guid":{"rendered":"https:\/\/mobecor.ee\/?post_type=product&#038;p=81627"},"modified":"2026-04-02T10:44:25","modified_gmt":"2026-04-02T07:44:25","slug":"nurgadiivanvoodi-porto-252-171-98-kangas-1-gr","status":"publish","type":"product","link":"https:\/\/mobecor.ee\/en\/toode\/nurgadiivanvoodi-porto-252-171-98-kangas-1-gr\/","title":{"rendered":"Nurgadiivanvoodi Porto (252\/171\/98) kangas 1 gr."},"content":{"rendered":"<p>Nurgadiivanvoodil on sik-sak vedrustus. Peatoed on reguleeritavad.<br \/>\nV\u00e4ljaulatuva osa all on pesukast.<br \/>\nPolsterdus: elastne poroloon.<br \/>\nMagamisosa avaneb lihtsalt ja sobib igap\u00e4evaseks kasutamiseks (mehhanism: delfiin).<br \/>\nJalad: metallist, musta v\u00e4rvi.<br \/>\nToodetud: Poolas.<\/p>\n","protected":false},"excerpt":{"rendered":"<p>Laius: 252 cm.<br \/>\nS\u00fcgavus: 122\/171 cm.<br \/>\nK\u00f5rgus: 98 cm.<br \/>\nMagamisosa :122 x 204 cm.<br \/>\nTarneaeg: 4-8 n\u00e4dalat.<br \/>\nNB! Kangaste v\u00e4rv v\u00f5ib veidi erineda pildil ja tegelikkuses (heledam v\u00f5i tumedam).<br \/>\nK\u00f5iki tellitavaid kangaid on v\u00f5imalik n\u00e4ha Mobecori m\u00f6\u00f6blipoes V\u00f5rus.<span style=\"font-size: 10pt;\"><strong><br \/>\n<\/strong><\/span><\/p>\n","protected":false},"featured_media":12890,"template":"","meta":{"_acf_changed":false,"inline_featured_image":false},"series":[],"product_brand":[2940],"product_cat":[213],"product_tag":[],"class_list":{"0":"post-81627","1":"product","2":"type-product","3":"status-publish","4":"has-post-thumbnail","6":"product_brand-meblar","7":"product_cat-nurgadiivanid","9":"first","10":"instock","11":"taxable","12":"shipping-taxable","13":"purchasable","14":"product-type-simple"},"acf":[],"_links":{"self":[{"href":"https:\/\/mobecor.ee\/en\/wp-json\/wp\/v2\/product\/81627","targetHints":{"allow":["GET"]}}],"collection":[{"href":"https:\/\/mobecor.ee\/en\/wp-json\/wp\/v2\/product"}],"about":[{"href":"https:\/\/mobecor.ee\/en\/wp-json\/wp\/v2\/types\/product"}],"wp:featuredmedia":[{"embeddable":true,"href":"https:\/\/mobecor.ee\/en\/wp-json\/wp\/v2\/media\/12890"}],"wp:attachment":[{"href":"https:\/\/mobecor.ee\/en\/wp-json\/wp\/v2\/media?parent=81627"}],"wp:term":[{"taxonomy":"series","embeddable":true,"href":"https:\/\/mobecor.ee\/en\/wp-json\/wp\/v2\/series?post=81627"},{"taxonomy":"product_brand","embeddable":true,"href":"https:\/\/mobecor.ee\/en\/wp-json\/wp\/v2\/product_brand?post=81627"},{"taxonomy":"product_cat","embeddable":true,"href":"https:\/\/mobecor.ee\/en\/wp-json\/wp\/v2\/product_cat?post=81627"},{"taxonomy":"product_tag","embeddable":true,"href":"https:\/\/mobecor.ee\/en\/wp-json\/wp\/v2\/product_tag?post=81627"}],"curies":[{"name":"wp","href":"https:\/\/api.w.org\/{rel}","templated":true}]}}