{"id":81635,"date":"2025-10-20T12:32:03","date_gmt":"2025-10-20T09:32:03","guid":{"rendered":"https:\/\/mobecor.ee\/?post_type=product&#038;p=81635"},"modified":"2026-04-02T10:46:35","modified_gmt":"2026-04-02T07:46:35","slug":"nurgadiivanvoodi-umbria-ii-276-207-kangas-1gr","status":"publish","type":"product","link":"https:\/\/mobecor.ee\/en\/toode\/nurgadiivanvoodi-umbria-ii-276-207-kangas-1gr\/","title":{"rendered":"Nurgadiivanvoodi Umbria II (276\/207) kangas 1 gr."},"content":{"rendered":"<p>Nurgadiivanil on sik-sak vedrustus, pehmenduseks poroloon.<br \/>\nPeatoed reguleeritavad.<br \/>\nMagamisosa avaneb lihtsalt ja sobib igap\u00e4evaseks kasutamiseks.<br \/>\nNurgadiivanil on pesukast.<br \/>\nToodetud: Poolas.<\/p>\n","protected":false},"excerpt":{"rendered":"<p>Laius:\u00a0276 cm.<br \/>\nS\u00fcgavus :\u00a0207 cm.<br \/>\nK\u00f5rgus:\u00a0103 cm.<br \/>\nIstumisk\u00f5rgus: 43 cm.<br \/>\nIstumiss\u00fcgavus: 55 cm.<br \/>\nMagamisosa :\u00a0124 x\u00a0195 cm.<br \/>\nV\u00f5imalik juurde osta ka\u00a0 <a href=\"https:\/\/mobecor.ee\/toode\/tugitool-umbria-112-102\/\" target=\"_blank\" rel=\"noopener\">tugitool Umbria<\/a>.<br \/>\nTarneaeg: 4-12 n\u00e4dalat.<br \/>\nNB! Kangaste v\u00e4rv v\u00f5ib veidi erineda pildil ja tegelikkuses (heledam v\u00f5i tumedam).<br \/>\nK\u00f5iki tellitavaid kangaid on v\u00f5imalik n\u00e4ha Mobecori m\u00f6\u00f6blipoes V\u00f5rus.<\/p>\n","protected":false},"featured_media":7344,"template":"","meta":{"_acf_changed":false,"inline_featured_image":false},"series":[],"product_brand":[2940],"product_cat":[213],"product_tag":[],"class_list":{"0":"post-81635","1":"product","2":"type-product","3":"status-publish","4":"has-post-thumbnail","6":"product_brand-meblar","7":"product_cat-nurgadiivanid","9":"first","10":"instock","11":"taxable","12":"shipping-taxable","13":"purchasable","14":"product-type-simple"},"acf":[],"_links":{"self":[{"href":"https:\/\/mobecor.ee\/en\/wp-json\/wp\/v2\/product\/81635","targetHints":{"allow":["GET"]}}],"collection":[{"href":"https:\/\/mobecor.ee\/en\/wp-json\/wp\/v2\/product"}],"about":[{"href":"https:\/\/mobecor.ee\/en\/wp-json\/wp\/v2\/types\/product"}],"wp:featuredmedia":[{"embeddable":true,"href":"https:\/\/mobecor.ee\/en\/wp-json\/wp\/v2\/media\/7344"}],"wp:attachment":[{"href":"https:\/\/mobecor.ee\/en\/wp-json\/wp\/v2\/media?parent=81635"}],"wp:term":[{"taxonomy":"series","embeddable":true,"href":"https:\/\/mobecor.ee\/en\/wp-json\/wp\/v2\/series?post=81635"},{"taxonomy":"product_brand","embeddable":true,"href":"https:\/\/mobecor.ee\/en\/wp-json\/wp\/v2\/product_brand?post=81635"},{"taxonomy":"product_cat","embeddable":true,"href":"https:\/\/mobecor.ee\/en\/wp-json\/wp\/v2\/product_cat?post=81635"},{"taxonomy":"product_tag","embeddable":true,"href":"https:\/\/mobecor.ee\/en\/wp-json\/wp\/v2\/product_tag?post=81635"}],"curies":[{"name":"wp","href":"https:\/\/api.w.org\/{rel}","templated":true}]}}