{"id":81651,"date":"2025-10-20T13:25:58","date_gmt":"2025-10-20T10:25:58","guid":{"rendered":"https:\/\/mobecor.ee\/?post_type=product&#038;p=81651"},"modified":"2026-04-02T10:49:13","modified_gmt":"2026-04-02T07:49:13","slug":"nurgadiivanvoodi-sempre-1gr","status":"publish","type":"product","link":"https:\/\/mobecor.ee\/en\/toode\/nurgadiivanvoodi-sempre-1gr\/","title":{"rendered":"Nurgadiivanvoodi Sempre (270\/204) kangas 1 gr."},"content":{"rendered":"<p>Nurgadiivanvoodil on reguleeritavad peatoed.<br \/>\nVedrustus: sik-sak, pehmenduseks poroloon.<br \/>\nMagamisosa avaneb lihtsalt ja sobib igap\u00e4evaseks kasutamiseks.<br \/>\nToodetud: Poolas.<\/p>\n","protected":false},"excerpt":{"rendered":"<p>Laius: 270 cm.<br \/>\nS\u00fcgavus:\u00a0204 cm.<br \/>\nK\u00f5rgus: 97 cm.<br \/>\nMagamisosa :\u00a0131 x 200 cm.<br \/>\nTarneaeg: 4-8 n\u00e4dalat.<br \/>\nNB! Kangaste v\u00e4rv v\u00f5ib veidi erineda pildil ja tegelikkuses (heledam v\u00f5i tumedam).<br \/>\nK\u00f5iki tellitavaid kangaid on v\u00f5imalik n\u00e4ha Mobecori m\u00f6\u00f6blipoes V\u00f5rus.<\/p>\n","protected":false},"featured_media":7332,"template":"","meta":{"_acf_changed":false,"inline_featured_image":false},"series":[],"product_brand":[2940],"product_cat":[213],"product_tag":[],"class_list":{"0":"post-81651","1":"product","2":"type-product","3":"status-publish","4":"has-post-thumbnail","6":"product_brand-meblar","7":"product_cat-nurgadiivanid","9":"first","10":"instock","11":"taxable","12":"shipping-taxable","13":"purchasable","14":"product-type-simple"},"acf":[],"_links":{"self":[{"href":"https:\/\/mobecor.ee\/en\/wp-json\/wp\/v2\/product\/81651","targetHints":{"allow":["GET"]}}],"collection":[{"href":"https:\/\/mobecor.ee\/en\/wp-json\/wp\/v2\/product"}],"about":[{"href":"https:\/\/mobecor.ee\/en\/wp-json\/wp\/v2\/types\/product"}],"wp:featuredmedia":[{"embeddable":true,"href":"https:\/\/mobecor.ee\/en\/wp-json\/wp\/v2\/media\/7332"}],"wp:attachment":[{"href":"https:\/\/mobecor.ee\/en\/wp-json\/wp\/v2\/media?parent=81651"}],"wp:term":[{"taxonomy":"series","embeddable":true,"href":"https:\/\/mobecor.ee\/en\/wp-json\/wp\/v2\/series?post=81651"},{"taxonomy":"product_brand","embeddable":true,"href":"https:\/\/mobecor.ee\/en\/wp-json\/wp\/v2\/product_brand?post=81651"},{"taxonomy":"product_cat","embeddable":true,"href":"https:\/\/mobecor.ee\/en\/wp-json\/wp\/v2\/product_cat?post=81651"},{"taxonomy":"product_tag","embeddable":true,"href":"https:\/\/mobecor.ee\/en\/wp-json\/wp\/v2\/product_tag?post=81651"}],"curies":[{"name":"wp","href":"https:\/\/api.w.org\/{rel}","templated":true}]}}