{"id":81654,"date":"2025-10-20T13:48:26","date_gmt":"2025-10-20T10:48:26","guid":{"rendered":"https:\/\/mobecor.ee\/?post_type=product&#038;p=81654"},"modified":"2026-04-02T10:57:52","modified_gmt":"2026-04-02T07:57:52","slug":"diivanvoodi-nata-1gr","status":"publish","type":"product","link":"https:\/\/mobecor.ee\/en\/toode\/diivanvoodi-nata-1gr\/","title":{"rendered":"Diivanvoodi Nata (155 cm) kangas 1 gr."},"content":{"rendered":"<p>Diivanvoodi\u00a0on bonell vedrustusega.<br \/>\nMagamisosa avaneb\u00a0ette ja magamisosa all on v\u00e4ike pesukast.<br \/>\nToodetud: Poolas.<\/p>\n","protected":false},"excerpt":{"rendered":"<p>Laius: 155 cm.<br \/>\nS\u00fcgavus:\u00a095 cm.<br \/>\nK\u00f5rgus:\u00a074 cm.<br \/>\nMagamisosa :\u00a0118 x 200 cm.<br \/>\nTarneaeg: 4-8 n\u00e4dalat.<br \/>\nNB! Kangaste v\u00e4rv v\u00f5ib veidi erineda pildil ja tegelikkuses (heledam v\u00f5i tumedam).<br \/>\nK\u00f5iki tellitavaid kangaid on v\u00f5imalik n\u00e4ha Mobecori m\u00f6\u00f6blipoes V\u00f5rus.<\/p>\n","protected":false},"featured_media":7328,"template":"","meta":{"_acf_changed":false,"inline_featured_image":false},"series":[],"product_brand":[2940],"product_cat":[195],"product_tag":[],"class_list":{"0":"post-81654","1":"product","2":"type-product","3":"status-publish","4":"has-post-thumbnail","6":"product_brand-meblar","7":"product_cat-diivanvoodid","9":"first","10":"instock","11":"taxable","12":"shipping-taxable","13":"purchasable","14":"product-type-simple"},"acf":[],"_links":{"self":[{"href":"https:\/\/mobecor.ee\/en\/wp-json\/wp\/v2\/product\/81654","targetHints":{"allow":["GET"]}}],"collection":[{"href":"https:\/\/mobecor.ee\/en\/wp-json\/wp\/v2\/product"}],"about":[{"href":"https:\/\/mobecor.ee\/en\/wp-json\/wp\/v2\/types\/product"}],"wp:featuredmedia":[{"embeddable":true,"href":"https:\/\/mobecor.ee\/en\/wp-json\/wp\/v2\/media\/7328"}],"wp:attachment":[{"href":"https:\/\/mobecor.ee\/en\/wp-json\/wp\/v2\/media?parent=81654"}],"wp:term":[{"taxonomy":"series","embeddable":true,"href":"https:\/\/mobecor.ee\/en\/wp-json\/wp\/v2\/series?post=81654"},{"taxonomy":"product_brand","embeddable":true,"href":"https:\/\/mobecor.ee\/en\/wp-json\/wp\/v2\/product_brand?post=81654"},{"taxonomy":"product_cat","embeddable":true,"href":"https:\/\/mobecor.ee\/en\/wp-json\/wp\/v2\/product_cat?post=81654"},{"taxonomy":"product_tag","embeddable":true,"href":"https:\/\/mobecor.ee\/en\/wp-json\/wp\/v2\/product_tag?post=81654"}],"curies":[{"name":"wp","href":"https:\/\/api.w.org\/{rel}","templated":true}]}}