{"id":81694,"date":"2025-10-20T15:39:39","date_gmt":"2025-10-20T12:39:39","guid":{"rendered":"https:\/\/mobecor.ee\/?post_type=product&#038;p=81694"},"modified":"2026-01-20T11:29:13","modified_gmt":"2026-01-20T09:29:13","slug":"pesukastiga-voodi-mossa-mo12-140200-cloud-03","status":"publish","type":"product","link":"https:\/\/mobecor.ee\/en\/toode\/pesukastiga-voodi-mossa-mo12-140200-cloud-03\/","title":{"rendered":"Pesukastiga voodi Mossa MO12 (140*200), Cloud 03"},"content":{"rendered":"<p><span style=\"font-size: 14px;\">Voodile sobib madrats m\u00f5\u00f5tudes 140 x 200 cm.<br \/>\nMadrats ei kuulu komplekti.<br \/>\nVoodi karkass on valmistatud m\u00f6\u00f6bliplaadist ja kaetud kangaga.<br \/>\nVoodil on gaasamortidega \u00fclest\u00f5stetav voodip\u00f5hi, mille all on mahukas pesukast.<\/span><br \/>\n<span style=\"font-size: 14px;\">Kangas: Cloud 03 (bee\u017e).<\/span><br \/>\n<span style=\"font-size: 14px;\">Toodetud: Poolas.<\/span><\/p>\n","protected":false},"excerpt":{"rendered":"<p><span style=\"font-size: 14px;\">Laius: 166 cm<\/span><br \/>\n<span style=\"font-size: 14px;\">S\u00fcgavus: 210 cm.<\/span><br \/>\n<span style=\"font-size: 14px;\">K\u00f5rgus: 101 cm.<\/span><br \/>\n<span style=\"font-size: 14px;\">Tarneaeg: 4-8 n\u00e4dalat.<br \/>\n<\/span><\/p>\n","protected":false},"featured_media":13410,"template":"","meta":{"_acf_changed":false,"inline_featured_image":false},"series":[2796],"product_brand":[3533],"product_cat":[4015],"product_tag":[],"class_list":{"0":"post-81694","1":"product","2":"type-product","3":"status-publish","4":"has-post-thumbnail","6":"series-mossa","7":"product_brand-dolmar","8":"product_cat-voodid-140-x-200","10":"first","11":"instock","12":"taxable","13":"shipping-taxable","14":"purchasable","15":"product-type-simple"},"acf":[],"_links":{"self":[{"href":"https:\/\/mobecor.ee\/en\/wp-json\/wp\/v2\/product\/81694","targetHints":{"allow":["GET"]}}],"collection":[{"href":"https:\/\/mobecor.ee\/en\/wp-json\/wp\/v2\/product"}],"about":[{"href":"https:\/\/mobecor.ee\/en\/wp-json\/wp\/v2\/types\/product"}],"wp:featuredmedia":[{"embeddable":true,"href":"https:\/\/mobecor.ee\/en\/wp-json\/wp\/v2\/media\/13410"}],"wp:attachment":[{"href":"https:\/\/mobecor.ee\/en\/wp-json\/wp\/v2\/media?parent=81694"}],"wp:term":[{"taxonomy":"series","embeddable":true,"href":"https:\/\/mobecor.ee\/en\/wp-json\/wp\/v2\/series?post=81694"},{"taxonomy":"product_brand","embeddable":true,"href":"https:\/\/mobecor.ee\/en\/wp-json\/wp\/v2\/product_brand?post=81694"},{"taxonomy":"product_cat","embeddable":true,"href":"https:\/\/mobecor.ee\/en\/wp-json\/wp\/v2\/product_cat?post=81694"},{"taxonomy":"product_tag","embeddable":true,"href":"https:\/\/mobecor.ee\/en\/wp-json\/wp\/v2\/product_tag?post=81694"}],"curies":[{"name":"wp","href":"https:\/\/api.w.org\/{rel}","templated":true}]}}