{"id":81757,"date":"2025-10-21T08:55:16","date_gmt":"2025-10-21T05:55:16","guid":{"rendered":"https:\/\/mobecor.ee\/?post_type=product&#038;p=81757"},"modified":"2026-01-28T12:07:41","modified_gmt":"2026-01-28T10:07:41","slug":"riidekapp-puerto-220d","status":"publish","type":"product","link":"https:\/\/mobecor.ee\/en\/toode\/riidekapp-puerto-220d\/","title":{"rendered":"Riidekapp Puerto 220D (220\/65\/216)"},"content":{"rendered":"<p>Riidekapil on 3 l\u00fckandust.<br \/>\nUste taga on pesuriiulid ja riidepuutorud.<br \/>\nMaterjal: kvaliteetne ja vastupidav melamiinkattega laminaat.<br \/>\nV\u00e4rvivalik:<br \/>\n* tamm Endgrain\/tamm Endgrain\/betoon hall;<br \/>\n* tamm Sonoma hele\/tamm Sonoma hele\/valge;<br \/>\n* tamm Cremona\/tamm Cremona\/Granada mandel;<br \/>\n* tamm Artisan\/tamm Artisan\/betoon must;<br \/>\n* tamm kuldne\/tamm kuldne\/Granada pruun;<br \/>\n* ploom\/ploom\/must.<br \/>\nEsimene on korpuse v\u00e4rv, teine uste v\u00e4rv ja kolmas on ustel olevate vaheliistude v\u00e4rv.<br \/>\nToode tarnitakse detailidena.<br \/>\nToodetud: Poolas.<\/p>\n","protected":false},"excerpt":{"rendered":"<p>Laius: 220 cm.<br \/>\nS\u00fcgavus: 65 cm.<br \/>\nK\u00f5rgus: 216 cm.<br \/>\nTarneaeg: 4-8 n\u00e4dalat.<\/p>\n","protected":false},"featured_media":81758,"template":"","meta":{"_acf_changed":false,"inline_featured_image":false},"series":[],"product_brand":[2927],"product_cat":[325],"product_tag":[],"class_list":{"0":"post-81757","1":"product","2":"type-product","3":"status-publish","4":"has-post-thumbnail","6":"product_brand-meblocross","7":"product_cat-lukandustega-kapid","9":"first","10":"instock","11":"taxable","12":"shipping-taxable","13":"purchasable","14":"product-type-simple"},"acf":[],"_links":{"self":[{"href":"https:\/\/mobecor.ee\/en\/wp-json\/wp\/v2\/product\/81757","targetHints":{"allow":["GET"]}}],"collection":[{"href":"https:\/\/mobecor.ee\/en\/wp-json\/wp\/v2\/product"}],"about":[{"href":"https:\/\/mobecor.ee\/en\/wp-json\/wp\/v2\/types\/product"}],"wp:featuredmedia":[{"embeddable":true,"href":"https:\/\/mobecor.ee\/en\/wp-json\/wp\/v2\/media\/81758"}],"wp:attachment":[{"href":"https:\/\/mobecor.ee\/en\/wp-json\/wp\/v2\/media?parent=81757"}],"wp:term":[{"taxonomy":"series","embeddable":true,"href":"https:\/\/mobecor.ee\/en\/wp-json\/wp\/v2\/series?post=81757"},{"taxonomy":"product_brand","embeddable":true,"href":"https:\/\/mobecor.ee\/en\/wp-json\/wp\/v2\/product_brand?post=81757"},{"taxonomy":"product_cat","embeddable":true,"href":"https:\/\/mobecor.ee\/en\/wp-json\/wp\/v2\/product_cat?post=81757"},{"taxonomy":"product_tag","embeddable":true,"href":"https:\/\/mobecor.ee\/en\/wp-json\/wp\/v2\/product_tag?post=81757"}],"curies":[{"name":"wp","href":"https:\/\/api.w.org\/{rel}","templated":true}]}}