{"id":81944,"date":"2025-10-21T15:21:01","date_gmt":"2025-10-21T12:21:01","guid":{"rendered":"https:\/\/mobecor.ee\/?post_type=product&#038;p=81944"},"modified":"2026-01-20T11:28:48","modified_gmt":"2026-01-20T09:28:48","slug":"kappvoodi-teddy-90","status":"publish","type":"product","link":"https:\/\/mobecor.ee\/en\/toode\/kappvoodi-teddy-90\/","title":{"rendered":"Kappvoodi Teddy 90"},"content":{"rendered":"<p>K\u00fclalistevoodi on v\u00f5imalik &#8220;peita&#8221; kapi uste taha, kui parasjagu kasutusel ei ole.<br \/>\nVoodile sobib madrats m\u00f5\u00f5tudes 90 x 200 cm, maksimaalse k\u00f5rgusega 15 cm. Madrats ei kuulu komplekti.<br \/>\nMaterjal: kvaliteetne ja vastupidav melamiinkattega laminaat.<br \/>\nV\u00e4rvivalik: tamm valge; tamm Endgrain; tamm Sonoma hele; tamm Cremona; tamm Artisan; tamm Grange.<br \/>\nToodetud: Poolas.<br \/>\nToode tarnitakse detailidena.<\/p>\n","protected":false},"excerpt":{"rendered":"<p>Laius kokkupanduna: 105 cm.<br \/>\nLaius avatuna (sh kapi uksed):\u00a0115-161 cm.<br \/>\nS\u00fcgavus kokkupanduna: 42 cm.<br \/>\nS\u00fcgavus avatuna: 212 cm.<br \/>\nK\u00f5rgus:\u00a0216 cm.<br \/>\nTarneaeg: 4-8 n\u00e4dalat.<\/p>\n","protected":false},"featured_media":81949,"template":"","meta":{"_acf_changed":false,"inline_featured_image":false},"series":[],"product_brand":[2927],"product_cat":[4013],"product_tag":[],"class_list":{"0":"post-81944","1":"product","2":"type-product","3":"status-publish","4":"has-post-thumbnail","6":"product_brand-meblocross","7":"product_cat-voodid-90-x-200","9":"first","10":"instock","11":"taxable","12":"shipping-taxable","13":"purchasable","14":"product-type-simple"},"acf":[],"_links":{"self":[{"href":"https:\/\/mobecor.ee\/en\/wp-json\/wp\/v2\/product\/81944","targetHints":{"allow":["GET"]}}],"collection":[{"href":"https:\/\/mobecor.ee\/en\/wp-json\/wp\/v2\/product"}],"about":[{"href":"https:\/\/mobecor.ee\/en\/wp-json\/wp\/v2\/types\/product"}],"wp:featuredmedia":[{"embeddable":true,"href":"https:\/\/mobecor.ee\/en\/wp-json\/wp\/v2\/media\/81949"}],"wp:attachment":[{"href":"https:\/\/mobecor.ee\/en\/wp-json\/wp\/v2\/media?parent=81944"}],"wp:term":[{"taxonomy":"series","embeddable":true,"href":"https:\/\/mobecor.ee\/en\/wp-json\/wp\/v2\/series?post=81944"},{"taxonomy":"product_brand","embeddable":true,"href":"https:\/\/mobecor.ee\/en\/wp-json\/wp\/v2\/product_brand?post=81944"},{"taxonomy":"product_cat","embeddable":true,"href":"https:\/\/mobecor.ee\/en\/wp-json\/wp\/v2\/product_cat?post=81944"},{"taxonomy":"product_tag","embeddable":true,"href":"https:\/\/mobecor.ee\/en\/wp-json\/wp\/v2\/product_tag?post=81944"}],"curies":[{"name":"wp","href":"https:\/\/api.w.org\/{rel}","templated":true}]}}