{"id":82045,"date":"2025-10-22T08:04:33","date_gmt":"2025-10-22T05:04:33","guid":{"rendered":"https:\/\/mobecor.ee\/?post_type=product&#038;p=82045"},"modified":"2026-01-27T12:42:21","modified_gmt":"2026-01-27T10:42:21","slug":"kappvoodi-roger","status":"publish","type":"product","link":"https:\/\/mobecor.ee\/en\/toode\/kappvoodi-roger\/","title":{"rendered":"Kappvoodi Roger"},"content":{"rendered":"<p>Lahtik\u00e4iv lastevoodi.<br \/>\nLisavalikuna v\u00f5imalik juurde osta ka riiul.<br \/>\nVoodile sobib madrats m\u00f5\u00f5tudega 90*200 cm ja k\u00f5rgusega 15 cm.<br \/>\nMadrats ei kuulu komplekti.<br \/>\nMaterjal: lamineeritud m\u00f6\u00f6bliplaat.<br \/>\nV\u00e4rvivalik: tamm valge\/grafiit; tamm Endgrain\/Granada mandel; tamm Sonoma hele\/helesinine\/tumesinine; tamm Sonoma hele\/lavendel\/violett; tamm Sonoma hele\/valge; tamm kuldne\/tamm valge.<br \/>\nToodetud: Poolas.<br \/>\nToode tarnitakse detailidena.<\/p>\n","protected":false},"excerpt":{"rendered":"<p>Laius: 213 cm.<br \/>\nS\u00fcgavus: 43\/121 cm.<br \/>\nK\u00f5rgus ilma riiulita: 114 cm.<br \/>\nK\u00f5rgus koos riiuliga: 194 cm.<br \/>\nTarneaeg: 4-8 n\u00e4dalat.<\/p>\n","protected":false},"featured_media":82025,"template":"","meta":{"_acf_changed":false,"inline_featured_image":false},"series":[],"product_brand":[2927],"product_cat":[47],"product_tag":[],"class_list":{"0":"post-82045","1":"product","2":"type-product","3":"status-publish","4":"has-post-thumbnail","6":"product_brand-meblocross","7":"product_cat-lastevoodid","9":"first","10":"instock","11":"taxable","12":"shipping-taxable","13":"purchasable","14":"product-type-variable"},"acf":[],"_links":{"self":[{"href":"https:\/\/mobecor.ee\/en\/wp-json\/wp\/v2\/product\/82045","targetHints":{"allow":["GET"]}}],"collection":[{"href":"https:\/\/mobecor.ee\/en\/wp-json\/wp\/v2\/product"}],"about":[{"href":"https:\/\/mobecor.ee\/en\/wp-json\/wp\/v2\/types\/product"}],"wp:featuredmedia":[{"embeddable":true,"href":"https:\/\/mobecor.ee\/en\/wp-json\/wp\/v2\/media\/82025"}],"wp:attachment":[{"href":"https:\/\/mobecor.ee\/en\/wp-json\/wp\/v2\/media?parent=82045"}],"wp:term":[{"taxonomy":"series","embeddable":true,"href":"https:\/\/mobecor.ee\/en\/wp-json\/wp\/v2\/series?post=82045"},{"taxonomy":"product_brand","embeddable":true,"href":"https:\/\/mobecor.ee\/en\/wp-json\/wp\/v2\/product_brand?post=82045"},{"taxonomy":"product_cat","embeddable":true,"href":"https:\/\/mobecor.ee\/en\/wp-json\/wp\/v2\/product_cat?post=82045"},{"taxonomy":"product_tag","embeddable":true,"href":"https:\/\/mobecor.ee\/en\/wp-json\/wp\/v2\/product_tag?post=82045"}],"curies":[{"name":"wp","href":"https:\/\/api.w.org\/{rel}","templated":true}]}}