{"id":82857,"date":"2025-10-30T08:57:31","date_gmt":"2025-10-30T06:57:31","guid":{"rendered":"https:\/\/mobecor.ee\/?post_type=product&#038;p=82857"},"modified":"2025-11-05T10:49:03","modified_gmt":"2025-11-05T08:49:03","slug":"porandariiul-emporium-d15o","status":"publish","type":"product","link":"https:\/\/mobecor.ee\/en\/toode\/porandariiul-emporium-d15o\/","title":{"rendered":"P\u00f5randariiul Emporium D15O"},"content":{"rendered":"<p>Korpus: 18 mm, lamineeritud m\u00f6\u00f6bliplaat.<br \/>\nKorpuse v\u00e4rvivalik: valge; hall; laavahall; tamm artisan; must.<br \/>\nNB! V\u00f5imalus valida kapile jalad 10 cm v\u00f5i 15 cm.<br \/>\nToodetud: Poolas.<\/p>\n<p>&nbsp;<\/p>\n","protected":false},"excerpt":{"rendered":"<p>K\u00f5rgus ilma jalgadeta: 72 cm.<br \/>\nLaius: 15 cm.<br \/>\nS\u00fcgavus: 50 cm.<br \/>\nTarneaeg: 4-8 n\u00e4dalat.<\/p>\n","protected":false},"featured_media":5636,"template":"","meta":{"_acf_changed":false,"inline_featured_image":false},"series":[],"product_brand":[2939],"product_cat":[228],"product_tag":[],"class_list":{"0":"post-82857","1":"product","2":"type-product","3":"status-publish","4":"has-post-thumbnail","6":"product_brand-extom","7":"product_cat-emporium-porandakapid","9":"first","10":"instock","11":"taxable","12":"shipping-taxable","13":"purchasable","14":"product-type-simple"},"acf":[],"_links":{"self":[{"href":"https:\/\/mobecor.ee\/en\/wp-json\/wp\/v2\/product\/82857","targetHints":{"allow":["GET"]}}],"collection":[{"href":"https:\/\/mobecor.ee\/en\/wp-json\/wp\/v2\/product"}],"about":[{"href":"https:\/\/mobecor.ee\/en\/wp-json\/wp\/v2\/types\/product"}],"wp:featuredmedia":[{"embeddable":true,"href":"https:\/\/mobecor.ee\/en\/wp-json\/wp\/v2\/media\/5636"}],"wp:attachment":[{"href":"https:\/\/mobecor.ee\/en\/wp-json\/wp\/v2\/media?parent=82857"}],"wp:term":[{"taxonomy":"series","embeddable":true,"href":"https:\/\/mobecor.ee\/en\/wp-json\/wp\/v2\/series?post=82857"},{"taxonomy":"product_brand","embeddable":true,"href":"https:\/\/mobecor.ee\/en\/wp-json\/wp\/v2\/product_brand?post=82857"},{"taxonomy":"product_cat","embeddable":true,"href":"https:\/\/mobecor.ee\/en\/wp-json\/wp\/v2\/product_cat?post=82857"},{"taxonomy":"product_tag","embeddable":true,"href":"https:\/\/mobecor.ee\/en\/wp-json\/wp\/v2\/product_tag?post=82857"}],"curies":[{"name":"wp","href":"https:\/\/api.w.org\/{rel}","templated":true}]}}