{"id":82894,"date":"2025-10-30T10:59:17","date_gmt":"2025-10-30T08:59:17","guid":{"rendered":"https:\/\/mobecor.ee\/?post_type=product&#038;p=82894"},"modified":"2025-12-12T08:46:13","modified_gmt":"2025-12-12T06:46:13","slug":"kapp-emporium-2d14k-40-cargo","status":"publish","type":"product","link":"https:\/\/mobecor.ee\/en\/toode\/kapp-emporium-2d14k-40-cargo\/","title":{"rendered":"K\u00f5rge kapp Emporium 2D14K\/40 + Cargo mini"},"content":{"rendered":"<p>2 uksega k\u00f5rge kapp. Kapi alumises osas on v\u00e4ljat\u00f5mmatav cargoriiul.<br \/>\nKorpus: 18 mm, lamineeritud m\u00f6\u00f6bliplaat.<br \/>\nKorpuse v\u00e4rvivalik: valge; hall; laavahall; tamm artisan; must.<br \/>\nEsipinnad: puiduse tekstuuriga, freesitud, MDF (16 mm).<br \/>\nEsipindade v\u00e4rvivalik: helehall; valge.<br \/>\n<strong>NB! Hinna sisse kuuluvad k\u00e4epidemed Typ U.<br \/>\n<\/strong>Soovi korral v\u00f5imalik valida teised k\u00e4epidemed (lisandub hind). Valiku leiab\u00a0<a href=\"https:\/\/mobecor.ee\/tootekategooria\/koogimoobel\/kaepidemed\/kaepidemed-e\/\" target=\"_blank\" rel=\"noopener\">SIIT<\/a>.<br \/>\nNB! V\u00f5imalus valida kapile jalad 10 cm v\u00f5i 15 cm.<br \/>\nToodetud: Poolas.<\/p>\n<p>&nbsp;<\/p>\n","protected":false},"excerpt":{"rendered":"<p>K\u00f5rgus ilma jalgadeta: 197 cm.<br \/>\nLaius: 40 cm.<br \/>\nS\u00fcgavus: 56,5 cm.<br \/>\nTarneaeg: 4-8 n\u00e4dalat.<\/p>\n","protected":false},"featured_media":8154,"template":"","meta":{"_acf_changed":false,"inline_featured_image":false},"series":[],"product_brand":[2939],"product_cat":[227],"product_tag":[],"class_list":{"0":"post-82894","1":"product","2":"type-product","3":"status-publish","4":"has-post-thumbnail","6":"product_brand-extom","7":"product_cat-emporium-korged-kapid","9":"first","10":"instock","11":"taxable","12":"shipping-taxable","13":"purchasable","14":"product-type-simple"},"acf":[],"_links":{"self":[{"href":"https:\/\/mobecor.ee\/en\/wp-json\/wp\/v2\/product\/82894","targetHints":{"allow":["GET"]}}],"collection":[{"href":"https:\/\/mobecor.ee\/en\/wp-json\/wp\/v2\/product"}],"about":[{"href":"https:\/\/mobecor.ee\/en\/wp-json\/wp\/v2\/types\/product"}],"wp:featuredmedia":[{"embeddable":true,"href":"https:\/\/mobecor.ee\/en\/wp-json\/wp\/v2\/media\/8154"}],"wp:attachment":[{"href":"https:\/\/mobecor.ee\/en\/wp-json\/wp\/v2\/media?parent=82894"}],"wp:term":[{"taxonomy":"series","embeddable":true,"href":"https:\/\/mobecor.ee\/en\/wp-json\/wp\/v2\/series?post=82894"},{"taxonomy":"product_brand","embeddable":true,"href":"https:\/\/mobecor.ee\/en\/wp-json\/wp\/v2\/product_brand?post=82894"},{"taxonomy":"product_cat","embeddable":true,"href":"https:\/\/mobecor.ee\/en\/wp-json\/wp\/v2\/product_cat?post=82894"},{"taxonomy":"product_tag","embeddable":true,"href":"https:\/\/mobecor.ee\/en\/wp-json\/wp\/v2\/product_tag?post=82894"}],"curies":[{"name":"wp","href":"https:\/\/api.w.org\/{rel}","templated":true}]}}