{"id":82990,"date":"2025-10-30T16:15:06","date_gmt":"2025-10-30T14:15:06","guid":{"rendered":"https:\/\/mobecor.ee\/?post_type=product&#038;p=82990"},"modified":"2025-11-05T09:53:07","modified_gmt":"2025-11-05T07:53:07","slug":"sugav-seinakapp-emporium-w6b-80-hk-aventos","status":"publish","type":"product","link":"https:\/\/mobecor.ee\/en\/toode\/sugav-seinakapp-emporium-w6b-80-hk-aventos\/","title":{"rendered":"S\u00fcgav seinakapp Emporium W6B\/80 HK Aventos"},"content":{"rendered":"<p>Kapil on 1 Aventos t\u00f5stes\u00fcsteemiga uks, mis avaneb \u00fcles.<br \/>\nKorpus: 18 mm, lamineeritud m\u00f6\u00f6bliplaat.<br \/>\nKorpuse v\u00e4rvivalik: valge; hall; laavahall; tamm artisan; must.<br \/>\nEsipinnad: puiduse tekstuuriga, freesitud, MDF (16 mm).<br \/>\nEsipindade v\u00e4rvivalik: helehall; valge.<br \/>\n<strong>NB! Hinna sisse kuulub k\u00e4epide Typ U.<br \/>\n<\/strong>Soovi korral v\u00f5imalik valida teised k\u00e4epidemed (lisandub hind). Valiku leiab\u00a0<a href=\"https:\/\/mobecor.ee\/tootekategooria\/koogimoobel\/kaepidemed\/kaepidemed-e\/\" target=\"_blank\" rel=\"noopener\">SIIT<\/a>.<br \/>\nToodetud: Poolas.<\/p>\n<p>&nbsp;<\/p>\n","protected":false},"excerpt":{"rendered":"<p>Laius: 80 cm.<br \/>\nK\u00f5rgus: 36 cm.<br \/>\nS\u00fcgavus: 56,5 cm.<br \/>\n<strong>NB! Tegemist on tavap\u00e4rasest s\u00fcgavama kapiga. S\u00fcgavus: 56,5 cm.<\/strong><br \/>\nTarneaeg: 4-8 n\u00e4dalat.<\/p>\n","protected":false},"featured_media":82988,"template":"","meta":{"_acf_changed":false,"inline_featured_image":false},"series":[],"product_brand":[2939],"product_cat":[229],"product_tag":[],"class_list":{"0":"post-82990","1":"product","2":"type-product","3":"status-publish","4":"has-post-thumbnail","6":"product_brand-extom","7":"product_cat-emporium-seinakapid","9":"first","10":"instock","11":"taxable","12":"shipping-taxable","13":"purchasable","14":"product-type-simple"},"acf":[],"_links":{"self":[{"href":"https:\/\/mobecor.ee\/en\/wp-json\/wp\/v2\/product\/82990","targetHints":{"allow":["GET"]}}],"collection":[{"href":"https:\/\/mobecor.ee\/en\/wp-json\/wp\/v2\/product"}],"about":[{"href":"https:\/\/mobecor.ee\/en\/wp-json\/wp\/v2\/types\/product"}],"wp:featuredmedia":[{"embeddable":true,"href":"https:\/\/mobecor.ee\/en\/wp-json\/wp\/v2\/media\/82988"}],"wp:attachment":[{"href":"https:\/\/mobecor.ee\/en\/wp-json\/wp\/v2\/media?parent=82990"}],"wp:term":[{"taxonomy":"series","embeddable":true,"href":"https:\/\/mobecor.ee\/en\/wp-json\/wp\/v2\/series?post=82990"},{"taxonomy":"product_brand","embeddable":true,"href":"https:\/\/mobecor.ee\/en\/wp-json\/wp\/v2\/product_brand?post=82990"},{"taxonomy":"product_cat","embeddable":true,"href":"https:\/\/mobecor.ee\/en\/wp-json\/wp\/v2\/product_cat?post=82990"},{"taxonomy":"product_tag","embeddable":true,"href":"https:\/\/mobecor.ee\/en\/wp-json\/wp\/v2\/product_tag?post=82990"}],"curies":[{"name":"wp","href":"https:\/\/api.w.org\/{rel}","templated":true}]}}