{"id":83715,"date":"2025-11-07T07:21:55","date_gmt":"2025-11-07T05:21:55","guid":{"rendered":"https:\/\/mobecor.ee\/?post_type=product&#038;p=83715"},"modified":"2025-11-07T07:22:37","modified_gmt":"2025-11-07T05:22:37","slug":"sugav-seinakapp-silver-w6b-45-hk-aventos","status":"publish","type":"product","link":"https:\/\/mobecor.ee\/en\/toode\/sugav-seinakapp-silver-w6b-45-hk-aventos\/","title":{"rendered":"S\u00fcgav seinakapp Silver W6b 45 HK Aventos"},"content":{"rendered":"<p>Kapil on 1 Aventos t\u00f5stes\u00fcsteemiga uks, mis avaneb \u00fcles.<br \/>\nMaterjal: kvaliteetne ja vastupidav laminaat.<br \/>\nEsipindade v\u00e4rvivalik: Artisan oak; Craft oak; Fresco antracite; Green labrador; Platinium white; \u00a0Sonoma.<br \/>\nKorpuse v\u00e4rvivalik: White; Grey; Lava; Artisan; Black.<br \/>\nNB! Hinna sisse kuulub k\u00e4epide Typ U.<br \/>\nSoovi korral v\u00f5imalik valida teised k\u00e4epidemed (lisandub hind). Valiku leiab\u00a0<a href=\"https:\/\/mobecor.ee\/tootekategooria\/koogimoobel\/kaepidemed\/kaepidemed-e\/\" target=\"_blank\" rel=\"noopener\">SIIT<\/a>.<br \/>\nToodetud: Poolas.<\/p>\n","protected":false},"excerpt":{"rendered":"<p>Laius: 45 cm.<br \/>\nS\u00fcgavus: 56,5 cm.<br \/>\nK\u00f5rgus: 36 cm.<br \/>\nTarneaeg: 4-8 n\u00e4dalat.<\/p>\n","protected":false},"featured_media":16034,"template":"","meta":{"_acf_changed":false,"inline_featured_image":false},"series":[],"product_brand":[2939],"product_cat":[205],"product_tag":[],"class_list":{"0":"post-83715","1":"product","2":"type-product","3":"status-publish","4":"has-post-thumbnail","6":"product_brand-extom","7":"product_cat-silver-seinakapid","9":"first","10":"instock","11":"taxable","12":"shipping-taxable","13":"purchasable","14":"product-type-simple"},"acf":[],"_links":{"self":[{"href":"https:\/\/mobecor.ee\/en\/wp-json\/wp\/v2\/product\/83715","targetHints":{"allow":["GET"]}}],"collection":[{"href":"https:\/\/mobecor.ee\/en\/wp-json\/wp\/v2\/product"}],"about":[{"href":"https:\/\/mobecor.ee\/en\/wp-json\/wp\/v2\/types\/product"}],"wp:featuredmedia":[{"embeddable":true,"href":"https:\/\/mobecor.ee\/en\/wp-json\/wp\/v2\/media\/16034"}],"wp:attachment":[{"href":"https:\/\/mobecor.ee\/en\/wp-json\/wp\/v2\/media?parent=83715"}],"wp:term":[{"taxonomy":"series","embeddable":true,"href":"https:\/\/mobecor.ee\/en\/wp-json\/wp\/v2\/series?post=83715"},{"taxonomy":"product_brand","embeddable":true,"href":"https:\/\/mobecor.ee\/en\/wp-json\/wp\/v2\/product_brand?post=83715"},{"taxonomy":"product_cat","embeddable":true,"href":"https:\/\/mobecor.ee\/en\/wp-json\/wp\/v2\/product_cat?post=83715"},{"taxonomy":"product_tag","embeddable":true,"href":"https:\/\/mobecor.ee\/en\/wp-json\/wp\/v2\/product_tag?post=83715"}],"curies":[{"name":"wp","href":"https:\/\/api.w.org\/{rel}","templated":true}]}}