{"id":83984,"date":"2025-11-11T10:55:38","date_gmt":"2025-11-11T08:55:38","guid":{"rendered":"https:\/\/mobecor.ee\/?post_type=product&#038;p=83984"},"modified":"2025-11-11T10:57:30","modified_gmt":"2025-11-11T08:57:30","slug":"porandakapp-malmo-d11k-60-kompakt-a","status":"publish","type":"product","link":"https:\/\/mobecor.ee\/en\/toode\/porandakapp-malmo-d11k-60-kompakt-a\/","title":{"rendered":"P\u00f5randakapp Malmo D11K\/60 KOMPAKT A"},"content":{"rendered":"<p>1-sahtliga p\u00f5randakapp integreeritavale kompaktahjule.<br \/>\nAva m\u00f5\u00f5t: laius 56,4 cm\/s\u00fcgavus 50 cm\/k\u00f5rgus 45 cm.<br \/>\nSahtlis\u00fcsteem:\u00a0 A \u2013 Hettich Atira t\u00e4ispikendusega ja pehme sulgumisega, antratsiithalli v\u00e4rvi. Kandev\u00f5ime max 30 kg.<br \/>\nMaterjal:\u00a0kvaliteetne lamineeritud m\u00f6\u00f6bliplaat (18 mm).<br \/>\nEsipindade v\u00e4rvivalik: Ares Black; Halifax; Pembroke.<br \/>\nKorpuse v\u00e4rvivalik: White; Grey; Lava; Artisan; Black.<strong><br \/>\nNB! Hinna sisse kuulub k\u00e4epide Typ U.<br \/>\n<\/strong>Soovi korral v\u00f5imalik valida teised k\u00e4epidemed (lisandub hind). Valiku leiab\u00a0<a href=\"https:\/\/mobecor.ee\/tootekategooria\/koogimoobel\/kaepidemed\/kaepidemed-e\/\" target=\"_blank\" rel=\"noopener\">SIIT<\/a>.<br \/>\nNB! V\u00f5imalus valida kapile jalad 10 cm v\u00f5i 15 cm.<br \/>\nToodetud: Poolas.<\/p>\n","protected":false},"excerpt":{"rendered":"<p>Laius: 60 cm.<br \/>\nS\u00fcgavus: 50\u00a0cm.<br \/>\nK\u00f5rgus ilma jalgadeta: 72 cm.<br \/>\nTarneaeg: 4-8 n\u00e4dalat.<\/p>\n","protected":false},"featured_media":12474,"template":"","meta":{"_acf_changed":false,"inline_featured_image":false},"series":[],"product_brand":[2939],"product_cat":[281],"product_tag":[],"class_list":{"0":"post-83984","1":"product","2":"type-product","3":"status-publish","4":"has-post-thumbnail","6":"product_brand-extom","7":"product_cat-malmo-porandakapid","9":"first","10":"instock","11":"taxable","12":"shipping-taxable","13":"purchasable","14":"product-type-simple"},"acf":[],"_links":{"self":[{"href":"https:\/\/mobecor.ee\/en\/wp-json\/wp\/v2\/product\/83984","targetHints":{"allow":["GET"]}}],"collection":[{"href":"https:\/\/mobecor.ee\/en\/wp-json\/wp\/v2\/product"}],"about":[{"href":"https:\/\/mobecor.ee\/en\/wp-json\/wp\/v2\/types\/product"}],"wp:featuredmedia":[{"embeddable":true,"href":"https:\/\/mobecor.ee\/en\/wp-json\/wp\/v2\/media\/12474"}],"wp:attachment":[{"href":"https:\/\/mobecor.ee\/en\/wp-json\/wp\/v2\/media?parent=83984"}],"wp:term":[{"taxonomy":"series","embeddable":true,"href":"https:\/\/mobecor.ee\/en\/wp-json\/wp\/v2\/series?post=83984"},{"taxonomy":"product_brand","embeddable":true,"href":"https:\/\/mobecor.ee\/en\/wp-json\/wp\/v2\/product_brand?post=83984"},{"taxonomy":"product_cat","embeddable":true,"href":"https:\/\/mobecor.ee\/en\/wp-json\/wp\/v2\/product_cat?post=83984"},{"taxonomy":"product_tag","embeddable":true,"href":"https:\/\/mobecor.ee\/en\/wp-json\/wp\/v2\/product_tag?post=83984"}],"curies":[{"name":"wp","href":"https:\/\/api.w.org\/{rel}","templated":true}]}}