{"id":84235,"date":"2025-11-12T12:11:59","date_gmt":"2025-11-12T10:11:59","guid":{"rendered":"https:\/\/mobecor.ee\/?post_type=product&#038;p=84235"},"modified":"2026-01-06T09:21:23","modified_gmt":"2026-01-06T07:21:23","slug":"poolkorge-kapp-essen-d5aa-60-154","status":"publish","type":"product","link":"https:\/\/mobecor.ee\/en\/toode\/poolkorge-kapp-essen-d5aa-60-154\/","title":{"rendered":"Poolk\u00f5rge kapp Essen D5AA\/60\/154"},"content":{"rendered":"<p>Kapil on 1 sahtel ja koht integreeritava ahju ning mikrolaineahju jaoks.<br \/>\nSahtlis\u00fcsteem:\u00a0 A \u2013 Hettich Atira t\u00e4ispikendusega ja pehme sulgumisega, antratsiithalli v\u00e4rvi. Kandev\u00f5ime max 30 kg.<br \/>\nEsipinnad: akr\u00fc\u00fclpinnaga MDF plaat (19 mm).<br \/>\nEsipindade v\u00e4rvivalik: hall; must; valge.<br \/>\nKorpus: m\u00f6\u00f6bliplaat (18 mm).<br \/>\nKorpuse v\u00e4rvivalik: valge; hall; laavahall; tamm artisan; must.<br \/>\n<strong>NB! Hinna sisse kuulub k\u00e4epide Typ U.<br \/>\n<\/strong>Soovi korral v\u00f5imalik valida teised k\u00e4epidemed (lisandub hind). Valiku leiab\u00a0<a href=\"https:\/\/mobecor.ee\/tootekategooria\/koogimoobel\/kaepidemed\/kaepidemed-e\/\" target=\"_blank\" rel=\"noopener\">SIIT<\/a>.<br \/>\nNB! V\u00f5imalus valida kapile jalad 10 cm v\u00f5i 15 cm.<br \/>\nToodetud: Poolas.<\/p>\n","protected":false},"excerpt":{"rendered":"<p>Laius: 60 cm.<br \/>\nS\u00fcgavus: 56,5 cm.<br \/>\nK\u00f5rgus ilma jalgadeta: 144 cm.<br \/>\nTarneaeg: 4-8 n\u00e4dalat.<\/p>\n","protected":false},"featured_media":102994,"template":"","meta":{"_acf_changed":false,"inline_featured_image":false},"series":[],"product_brand":[2939],"product_cat":[224],"product_tag":[],"class_list":{"0":"post-84235","1":"product","2":"type-product","3":"status-publish","4":"has-post-thumbnail","6":"product_brand-extom","7":"product_cat-essen-korged-kapid","9":"first","10":"instock","11":"taxable","12":"shipping-taxable","13":"purchasable","14":"product-type-simple"},"acf":[],"_links":{"self":[{"href":"https:\/\/mobecor.ee\/en\/wp-json\/wp\/v2\/product\/84235","targetHints":{"allow":["GET"]}}],"collection":[{"href":"https:\/\/mobecor.ee\/en\/wp-json\/wp\/v2\/product"}],"about":[{"href":"https:\/\/mobecor.ee\/en\/wp-json\/wp\/v2\/types\/product"}],"wp:featuredmedia":[{"embeddable":true,"href":"https:\/\/mobecor.ee\/en\/wp-json\/wp\/v2\/media\/102994"}],"wp:attachment":[{"href":"https:\/\/mobecor.ee\/en\/wp-json\/wp\/v2\/media?parent=84235"}],"wp:term":[{"taxonomy":"series","embeddable":true,"href":"https:\/\/mobecor.ee\/en\/wp-json\/wp\/v2\/series?post=84235"},{"taxonomy":"product_brand","embeddable":true,"href":"https:\/\/mobecor.ee\/en\/wp-json\/wp\/v2\/product_brand?post=84235"},{"taxonomy":"product_cat","embeddable":true,"href":"https:\/\/mobecor.ee\/en\/wp-json\/wp\/v2\/product_cat?post=84235"},{"taxonomy":"product_tag","embeddable":true,"href":"https:\/\/mobecor.ee\/en\/wp-json\/wp\/v2\/product_tag?post=84235"}],"curies":[{"name":"wp","href":"https:\/\/api.w.org\/{rel}","templated":true}]}}