{"id":84312,"date":"2025-11-12T14:46:31","date_gmt":"2025-11-12T12:46:31","guid":{"rendered":"https:\/\/mobecor.ee\/?post_type=product&#038;p=84312"},"modified":"2025-11-12T14:47:56","modified_gmt":"2025-11-12T12:47:56","slug":"sugav-seinakapp-essen-w6b-45-hk-aventos","status":"publish","type":"product","link":"https:\/\/mobecor.ee\/en\/toode\/sugav-seinakapp-essen-w6b-45-hk-aventos\/","title":{"rendered":"S\u00fcgav seinakapp Essen W6B 45 HK Aventos"},"content":{"rendered":"<p>Seinakapil on 1 Aventos t\u00f5stes\u00fcsteemiga uks, mis avaneb \u00fcles.<br \/>\nEsipinnad: akr\u00fc\u00fclpinnaga MDF plaat (19 mm).<br \/>\nEsipindade v\u00e4rvivalik: hall; must; valge.<br \/>\nKorpus: m\u00f6\u00f6bliplaat (18 mm).<br \/>\nKorpuse v\u00e4rvivalik: valge; hall; laavahall; tamm artisan; must.<br \/>\n<strong>NB! Hinna sisse kuulub k\u00e4epide Typ U.<br \/>\n<\/strong>Soovi korral v\u00f5imalik valida teised k\u00e4epidemed (lisandub hind). Valiku leiab\u00a0<a href=\"https:\/\/mobecor.ee\/tootekategooria\/koogimoobel\/kaepidemed\/kaepidemed-e\/\" target=\"_blank\" rel=\"noopener\">SIIT<\/a>.<br \/>\nToodetud: Poolas.<\/p>\n","protected":false},"excerpt":{"rendered":"<p>Laius: 45 cm.<br \/>\nS\u00fcgavus: 56,5 cm.<br \/>\nK\u00f5rgus: 36 cm.<br \/>\nTarneaeg: 4-8 n\u00e4dalat.<\/p>\n","protected":false},"featured_media":82653,"template":"","meta":{"_acf_changed":false,"inline_featured_image":false},"series":[],"product_brand":[2939],"product_cat":[226],"product_tag":[],"class_list":{"0":"post-84312","1":"product","2":"type-product","3":"status-publish","4":"has-post-thumbnail","6":"product_brand-extom","7":"product_cat-essen-seinakapid","9":"first","10":"instock","11":"taxable","12":"shipping-taxable","13":"purchasable","14":"product-type-simple"},"acf":[],"_links":{"self":[{"href":"https:\/\/mobecor.ee\/en\/wp-json\/wp\/v2\/product\/84312","targetHints":{"allow":["GET"]}}],"collection":[{"href":"https:\/\/mobecor.ee\/en\/wp-json\/wp\/v2\/product"}],"about":[{"href":"https:\/\/mobecor.ee\/en\/wp-json\/wp\/v2\/types\/product"}],"wp:featuredmedia":[{"embeddable":true,"href":"https:\/\/mobecor.ee\/en\/wp-json\/wp\/v2\/media\/82653"}],"wp:attachment":[{"href":"https:\/\/mobecor.ee\/en\/wp-json\/wp\/v2\/media?parent=84312"}],"wp:term":[{"taxonomy":"series","embeddable":true,"href":"https:\/\/mobecor.ee\/en\/wp-json\/wp\/v2\/series?post=84312"},{"taxonomy":"product_brand","embeddable":true,"href":"https:\/\/mobecor.ee\/en\/wp-json\/wp\/v2\/product_brand?post=84312"},{"taxonomy":"product_cat","embeddable":true,"href":"https:\/\/mobecor.ee\/en\/wp-json\/wp\/v2\/product_cat?post=84312"},{"taxonomy":"product_tag","embeddable":true,"href":"https:\/\/mobecor.ee\/en\/wp-json\/wp\/v2\/product_tag?post=84312"}],"curies":[{"name":"wp","href":"https:\/\/api.w.org\/{rel}","templated":true}]}}