{"id":84446,"date":"2025-11-14T14:28:15","date_gmt":"2025-11-14T12:28:15","guid":{"rendered":"https:\/\/mobecor.ee\/?post_type=product&#038;p=84446"},"modified":"2025-11-14T14:30:43","modified_gmt":"2025-11-14T12:30:43","slug":"npmu-bonn-zm45","status":"publish","type":"product","link":"https:\/\/mobecor.ee\/en\/toode\/npmu-bonn-zm45\/","title":{"rendered":"N\u00f5udepesumasina uks Bonn ZM45"},"content":{"rendered":"<p><span style=\"font-size: 14px;\"><span style=\"line-height: 1.3em;\">Uks integreeritavale n\u00f5udepesumasinale.<br \/>\nNB! Tegemist on vaid uksega, mis kinnitatakse n\u00f5udepesumasina k\u00fclge (sellel ei ole k\u00fclgi\/korpust).<br \/>\nEsipinnad: matt akr\u00fc\u00fclkattega MDF-plaat (19 mm).<br \/>\nEspindade v\u00e4rvivalik: White; Black; Graphite; Clobe Copper; Dust Grey; Cashmere; Marine Blue; Reed Green.<br \/>\n<strong>NB! Hinna sisse kuulub k\u00e4epide Typ U.<br \/>\n<\/strong>Soovi korral v\u00f5imalik valida teised k\u00e4epidemed (lisandub hind). Valiku leiab\u00a0<a href=\"https:\/\/mobecor.ee\/tootekategooria\/koogimoobel\/kaepidemed\/kaepidemed-e\/\" target=\"_blank\" rel=\"noopener\">SIIT<\/a>.<br \/>\n<span style=\"line-height: 1.3em; font-size: 10pt;\">Sokkel ei kuulu hinna sisse. Soovi korral saab sokli juurde tellida <a href=\"https:\/\/mobecor.ee\/toode\/sokkel-200-cm-h-10-15-cm\/\" target=\"_blank\" rel=\"noopener\">SIIT<\/a>.<\/span><br \/>\nToodetud: Poolas.<\/span><\/span><span style=\"line-height: 1.3em; font-size: 10pt;\"><br \/>\n<\/span><\/p>\n","protected":false},"excerpt":{"rendered":"<p><span style=\"line-height: 1.3em; font-size: 10pt;\"><span style=\"font-size: 14px;\">Laius: 45 cm.<br \/>\nS\u00fcgavus: 1,9 cm.<br \/>\nK\u00f5rgus: 72 cm.<br \/>\nTarneaeg: 4-8 n\u00e4dalat.<\/span><br \/>\n<\/span><\/p>\n","protected":false},"featured_media":12330,"template":"","meta":{"_acf_changed":false,"inline_featured_image":false},"series":[],"product_brand":[2939],"product_cat":[272],"product_tag":[],"class_list":{"0":"post-84446","1":"product","2":"type-product","3":"status-publish","4":"has-post-thumbnail","6":"product_brand-extom","7":"product_cat-bonn-porandakapid","9":"first","10":"instock","11":"taxable","12":"shipping-taxable","13":"purchasable","14":"product-type-simple"},"acf":[],"_links":{"self":[{"href":"https:\/\/mobecor.ee\/en\/wp-json\/wp\/v2\/product\/84446","targetHints":{"allow":["GET"]}}],"collection":[{"href":"https:\/\/mobecor.ee\/en\/wp-json\/wp\/v2\/product"}],"about":[{"href":"https:\/\/mobecor.ee\/en\/wp-json\/wp\/v2\/types\/product"}],"wp:featuredmedia":[{"embeddable":true,"href":"https:\/\/mobecor.ee\/en\/wp-json\/wp\/v2\/media\/12330"}],"wp:attachment":[{"href":"https:\/\/mobecor.ee\/en\/wp-json\/wp\/v2\/media?parent=84446"}],"wp:term":[{"taxonomy":"series","embeddable":true,"href":"https:\/\/mobecor.ee\/en\/wp-json\/wp\/v2\/series?post=84446"},{"taxonomy":"product_brand","embeddable":true,"href":"https:\/\/mobecor.ee\/en\/wp-json\/wp\/v2\/product_brand?post=84446"},{"taxonomy":"product_cat","embeddable":true,"href":"https:\/\/mobecor.ee\/en\/wp-json\/wp\/v2\/product_cat?post=84446"},{"taxonomy":"product_tag","embeddable":true,"href":"https:\/\/mobecor.ee\/en\/wp-json\/wp\/v2\/product_tag?post=84446"}],"curies":[{"name":"wp","href":"https:\/\/api.w.org\/{rel}","templated":true}]}}