{"id":84518,"date":"2025-11-17T07:30:45","date_gmt":"2025-11-17T05:30:45","guid":{"rendered":"https:\/\/mobecor.ee\/?post_type=product&#038;p=84518"},"modified":"2025-11-17T07:31:37","modified_gmt":"2025-11-17T05:31:37","slug":"seinakapp-bonn-w8b-80-aventos","status":"publish","type":"product","link":"https:\/\/mobecor.ee\/en\/toode\/seinakapp-bonn-w8b-80-aventos\/","title":{"rendered":"Seinakapp Bonn W8B 80 Aventos"},"content":{"rendered":"<p><span style=\"line-height: 1.3em; font-size: 14px;\">Kapil on 1 Aventos t\u00f5stes\u00fcsteemiga uks, mis avaneb \u00fcles.<br \/>\n<\/span><span style=\"font-size: 14px;\"><span style=\"line-height: 1.3em;\">Korpus: lamineeritud m\u00f6\u00f6bliplaat (18 mm).<br \/>\nKorpuse v\u00e4rvivalik: White; Grey; Lava; Artisan; Black<em>.<\/em><br \/>\nEsipinnad: matt akr\u00fc\u00fclkattega MDF-plaat (19 mm).<br \/>\nEspindade v\u00e4rvivalik: White; Black; Graphite; Clobe Copper; Dust Grey; Cashmere; Marine Blue; Reed Green.<br \/>\n<strong>NB! Hinna sisse kuulub k\u00e4epide Typ U.<br \/>\n<\/strong>Soovi korral v\u00f5imalik valida teised k\u00e4epidemed (lisandub hind). Valiku leiab\u00a0<a href=\"https:\/\/mobecor.ee\/tootekategooria\/koogimoobel\/kaepidemed\/kaepidemed-e\/\" target=\"_blank\" rel=\"noopener\">SIIT<\/a>.<br \/>\nToodetud: Poolas.<br \/>\n<\/span><\/span><span style=\"line-height: 1.3em; font-size: 10pt;\"><br \/>\n<\/span><\/p>\n","protected":false},"excerpt":{"rendered":"<p><span style=\"line-height: 1.3em; font-size: 10pt;\"><span style=\"font-size: 14px;\">Laius: 80 cm.<\/span><br \/>\n<span style=\"font-size: 14px;\">S\u00fcgavus: 32,5 cm.<br \/>\nK\u00f5rgus: 72 cm.<\/span><br \/>\n<span style=\"font-size: 14px;\">Tarneaeg: 4-8 n\u00e4dalat.<\/span><br \/>\n<\/span><\/p>\n","protected":false},"featured_media":12382,"template":"","meta":{"_acf_changed":false,"inline_featured_image":false},"series":[],"product_brand":[2939],"product_cat":[273],"product_tag":[],"class_list":{"0":"post-84518","1":"product","2":"type-product","3":"status-publish","4":"has-post-thumbnail","6":"product_brand-extom","7":"product_cat-bonn-seinakapid","9":"first","10":"instock","11":"taxable","12":"shipping-taxable","13":"purchasable","14":"product-type-simple"},"acf":[],"_links":{"self":[{"href":"https:\/\/mobecor.ee\/en\/wp-json\/wp\/v2\/product\/84518","targetHints":{"allow":["GET"]}}],"collection":[{"href":"https:\/\/mobecor.ee\/en\/wp-json\/wp\/v2\/product"}],"about":[{"href":"https:\/\/mobecor.ee\/en\/wp-json\/wp\/v2\/types\/product"}],"wp:featuredmedia":[{"embeddable":true,"href":"https:\/\/mobecor.ee\/en\/wp-json\/wp\/v2\/media\/12382"}],"wp:attachment":[{"href":"https:\/\/mobecor.ee\/en\/wp-json\/wp\/v2\/media?parent=84518"}],"wp:term":[{"taxonomy":"series","embeddable":true,"href":"https:\/\/mobecor.ee\/en\/wp-json\/wp\/v2\/series?post=84518"},{"taxonomy":"product_brand","embeddable":true,"href":"https:\/\/mobecor.ee\/en\/wp-json\/wp\/v2\/product_brand?post=84518"},{"taxonomy":"product_cat","embeddable":true,"href":"https:\/\/mobecor.ee\/en\/wp-json\/wp\/v2\/product_cat?post=84518"},{"taxonomy":"product_tag","embeddable":true,"href":"https:\/\/mobecor.ee\/en\/wp-json\/wp\/v2\/product_tag?post=84518"}],"curies":[{"name":"wp","href":"https:\/\/api.w.org\/{rel}","templated":true}]}}