{"id":84524,"date":"2025-11-17T07:41:41","date_gmt":"2025-11-17T05:41:41","guid":{"rendered":"https:\/\/mobecor.ee\/?post_type=product&#038;p=84524"},"modified":"2025-11-17T07:42:54","modified_gmt":"2025-11-17T05:42:54","slug":"seinakapp-nurgakapp-bonn-w12-60","status":"publish","type":"product","link":"https:\/\/mobecor.ee\/en\/toode\/seinakapp-nurgakapp-bonn-w12-60\/","title":{"rendered":"Seinakapp\/nurgakapp Bonn W12\/60"},"content":{"rendered":"<p><span style=\"line-height: 1.3em; font-size: 14px;\">2-uksega seinakapp\/nurgakapp.<br \/>\n<\/span><span style=\"font-size: 14px;\"><span style=\"line-height: 1.3em;\">Korpus: lamineeritud m\u00f6\u00f6bliplaat (18 mm).<br \/>\nKorpuse v\u00e4rvivalik: White; Grey; Lava; Artisan; Black<em>.<\/em><br \/>\nEsipinnad: matt akr\u00fc\u00fclkattega MDF-plaat (19 mm).<br \/>\nEspindade v\u00e4rvivalik: White; Black; Graphite; Clobe Copper; Dust Grey; Cashmere; Marine Blue; Reed Green.<br \/>\n<strong>NB! Hinna sisse kuulub k\u00e4epide Typ U. Sellele kapile l\u00e4heb 1 k\u00e4epide.<br \/>\n<\/strong>Soovi korral v\u00f5imalik valida teised k\u00e4epidemed (lisandub hind). Valiku leiab\u00a0<a href=\"https:\/\/mobecor.ee\/tootekategooria\/koogimoobel\/kaepidemed\/kaepidemed-e\/\" target=\"_blank\" rel=\"noopener\">SIIT<\/a>.<br \/>\nToodetud: Poolas.<br \/>\n<\/span><\/span><span style=\"line-height: 1.3em; font-size: 10pt;\"><br \/>\n<\/span><\/p>\n","protected":false},"excerpt":{"rendered":"<p><span style=\"line-height: 1.3em; font-size: 10pt;\"><span style=\"font-size: 14px;\">Laius: 60 cm.<\/span><br \/>\n<span style=\"font-size: 14px;\">S\u00fcgavus: 60 cm.<br \/>\nK\u00f5rgus: 72 cm.<\/span><br \/>\n<span style=\"font-size: 14px;\">Tarneaeg: 4-8 n\u00e4dalat.<\/span><br \/>\n<\/span><\/p>\n","protected":false},"featured_media":12370,"template":"","meta":{"_acf_changed":false,"inline_featured_image":false},"series":[],"product_brand":[2939],"product_cat":[273],"product_tag":[],"class_list":{"0":"post-84524","1":"product","2":"type-product","3":"status-publish","4":"has-post-thumbnail","6":"product_brand-extom","7":"product_cat-bonn-seinakapid","9":"first","10":"instock","11":"taxable","12":"shipping-taxable","13":"purchasable","14":"product-type-simple"},"acf":[],"_links":{"self":[{"href":"https:\/\/mobecor.ee\/en\/wp-json\/wp\/v2\/product\/84524","targetHints":{"allow":["GET"]}}],"collection":[{"href":"https:\/\/mobecor.ee\/en\/wp-json\/wp\/v2\/product"}],"about":[{"href":"https:\/\/mobecor.ee\/en\/wp-json\/wp\/v2\/types\/product"}],"wp:featuredmedia":[{"embeddable":true,"href":"https:\/\/mobecor.ee\/en\/wp-json\/wp\/v2\/media\/12370"}],"wp:attachment":[{"href":"https:\/\/mobecor.ee\/en\/wp-json\/wp\/v2\/media?parent=84524"}],"wp:term":[{"taxonomy":"series","embeddable":true,"href":"https:\/\/mobecor.ee\/en\/wp-json\/wp\/v2\/series?post=84524"},{"taxonomy":"product_brand","embeddable":true,"href":"https:\/\/mobecor.ee\/en\/wp-json\/wp\/v2\/product_brand?post=84524"},{"taxonomy":"product_cat","embeddable":true,"href":"https:\/\/mobecor.ee\/en\/wp-json\/wp\/v2\/product_cat?post=84524"},{"taxonomy":"product_tag","embeddable":true,"href":"https:\/\/mobecor.ee\/en\/wp-json\/wp\/v2\/product_tag?post=84524"}],"curies":[{"name":"wp","href":"https:\/\/api.w.org\/{rel}","templated":true}]}}