{"id":84763,"date":"2025-11-18T11:24:42","date_gmt":"2025-11-18T09:24:42","guid":{"rendered":"https:\/\/mobecor.ee\/?post_type=product&#038;p=84763"},"modified":"2026-01-06T09:24:15","modified_gmt":"2026-01-06T07:24:15","slug":"poolkorge-kapp-avellino-d5aa-60-154","status":"publish","type":"product","link":"https:\/\/mobecor.ee\/en\/toode\/poolkorge-kapp-avellino-d5aa-60-154\/","title":{"rendered":"Poolk\u00f5rge kapp Avellino D5AA\/60\/154"},"content":{"rendered":"<p><span style=\"font-size: 14px;\">Kapil on koht integreeritava ahju ning mikrolaineahju jaoks ning 1 sahtel.<br \/>\nSahtlis\u00fcsteem:\u00a0 A \u2013 Hettich Atira t\u00e4ispikendusega ja pehme sulgumisega, antratsiithalli v\u00e4rvi. Kandev\u00f5ime max 30 kg.<br \/>\nEsipinnad: MDF-plaadist, kaetud kvaliteetse mati akr\u00fc\u00fclviimistlusega (19 mm).<br \/>\nEsipindade v\u00e4rvivalik (matt): White; Black; Graphite; Dust Grey; Cashmere; Reed Green; Stone Grey.<br \/>\n<\/span><span style=\"font-size: 14px;\">Korpus 18 mm, v\u00e4rvivalik: White; Grey; Lava; Artisan; Black.<br \/>\n<\/span><span style=\"font-size: 14px;\">K\u00e4epidemed: s\u00fcvistatud.<br \/>\n<\/span><span style=\"line-height: 1.3em; font-size: 10pt;\"><span style=\"font-size: 14px;\">Toodetud: Poolas.<\/span><br \/>\n<span style=\"font-size: 14px;\">Toode tarnitakse detailidena.<\/span><br \/>\n<span style=\"font-size: 14px;\"><strong>NB! V\u00f5imalus valida kapile jalad 10 cm v\u00f5i 15 cm.<\/strong><\/span><br \/>\n<\/span><\/p>\n","protected":false},"excerpt":{"rendered":"<p><span style=\"line-height: 1.3em; font-size: 10pt;\"><span style=\"font-size: 14px;\">Laius: 60 cm.<\/span><br \/>\n<span style=\"font-size: 14px;\">S\u00fcgavus: 56,5 cm.<br \/>\nK\u00f5rgus ilma jalgadeta: 144 cm.<\/span><br \/>\n<span style=\"font-size: 14px;\">Tarneaeg: 4-8 n\u00e4dalat.<\/span><\/span><\/p>\n","protected":false},"featured_media":102994,"template":"","meta":{"_acf_changed":false,"inline_featured_image":false},"series":[],"product_brand":[2939],"product_cat":[399],"product_tag":[],"class_list":{"0":"post-84763","1":"product","2":"type-product","3":"status-publish","4":"has-post-thumbnail","6":"product_brand-extom","7":"product_cat-avellino-korged-kapid","9":"first","10":"instock","11":"taxable","12":"shipping-taxable","13":"purchasable","14":"product-type-simple"},"acf":[],"_links":{"self":[{"href":"https:\/\/mobecor.ee\/en\/wp-json\/wp\/v2\/product\/84763","targetHints":{"allow":["GET"]}}],"collection":[{"href":"https:\/\/mobecor.ee\/en\/wp-json\/wp\/v2\/product"}],"about":[{"href":"https:\/\/mobecor.ee\/en\/wp-json\/wp\/v2\/types\/product"}],"wp:featuredmedia":[{"embeddable":true,"href":"https:\/\/mobecor.ee\/en\/wp-json\/wp\/v2\/media\/102994"}],"wp:attachment":[{"href":"https:\/\/mobecor.ee\/en\/wp-json\/wp\/v2\/media?parent=84763"}],"wp:term":[{"taxonomy":"series","embeddable":true,"href":"https:\/\/mobecor.ee\/en\/wp-json\/wp\/v2\/series?post=84763"},{"taxonomy":"product_brand","embeddable":true,"href":"https:\/\/mobecor.ee\/en\/wp-json\/wp\/v2\/product_brand?post=84763"},{"taxonomy":"product_cat","embeddable":true,"href":"https:\/\/mobecor.ee\/en\/wp-json\/wp\/v2\/product_cat?post=84763"},{"taxonomy":"product_tag","embeddable":true,"href":"https:\/\/mobecor.ee\/en\/wp-json\/wp\/v2\/product_tag?post=84763"}],"curies":[{"name":"wp","href":"https:\/\/api.w.org\/{rel}","templated":true}]}}