{"id":85095,"date":"2025-11-19T11:15:47","date_gmt":"2025-11-19T09:15:47","guid":{"rendered":"https:\/\/mobecor.ee\/?post_type=product&#038;p=85095"},"modified":"2026-04-13T18:53:09","modified_gmt":"2026-04-13T15:53:09","slug":"seinakapp-kammono-f-w20-1-61","status":"publish","type":"product","link":"https:\/\/mobecor.ee\/en\/toode\/seinakapp-kammono-f-w20-1-61\/","title":{"rendered":"Seinakapp Kammono F W20.1\/61"},"content":{"rendered":"<p><span style=\"font-size: 14px;\">1-uksega seinakapp. Ukse taga on riiulid.<br \/>\n<\/span><span style=\"font-size: 14px;\">Saadaval 7 erinevat uksedekoori: F4; ; F6; F7; F8; F10; F11; FG2.<br \/>\nEsipaneelid on valmistatud PVC kattega MDF-ist. Esipaneelide paksus on 18 mm (F4; F6; F7; F8; F10; F11) v\u00f5i 19 mm (FG2).<br \/>\n<\/span><span style=\"font-size: 14px;\">Esipaneelide v\u00e4rvivalik: valge; fiord; grafiit F; granaat; heban F; karamel; kaszmir F; kivihall; m\u00e4nd andersen; morela; morski; p\u00e4hkel F; portselan B; salvei; tamm arlington F.<br \/>\nKorpus: m\u00f6\u00f6bliplaadist (16 mm).<br \/>\n<\/span><span lang=\"et-EE\" style=\"font-size: 14px;\">Korpuse v\u00e4rvivalik: valge; hall; kaszmir B (bee\u017e); cappuccino; must.<br \/>\n<strong>NB! Seinakapid laiusega 15 cm ja 20 cm on ilma k\u00e4epidemeta<\/strong><br \/>\n<\/span><span style=\"font-size: 14px;\">Toodetud: Poolas.<br \/>\n<\/span><span style=\"font-size: 14px;\">Toode tarnitakse detailidena.<\/span><\/p>\n","protected":false},"excerpt":{"rendered":"<p><span style=\"font-size: 14px;\">Laius: 20 cm.<br \/>\nS\u00fcgavus: 32 cm.<br \/>\nK\u00f5rgus: 61 cm.<br \/>\nTarneaeg: 4-8 n\u00e4dalat.<\/span><\/p>\n","protected":false},"featured_media":12812,"template":"","meta":{"_acf_changed":false,"inline_featured_image":false},"series":[],"product_brand":[2952],"product_cat":[315],"product_tag":[],"class_list":{"0":"post-85095","1":"product","2":"type-product","3":"status-publish","4":"has-post-thumbnail","6":"product_brand-meblekam","7":"product_cat-kammono-f-seinakapid","9":"first","10":"instock","11":"taxable","12":"shipping-taxable","13":"purchasable","14":"product-type-variable"},"acf":[],"_links":{"self":[{"href":"https:\/\/mobecor.ee\/en\/wp-json\/wp\/v2\/product\/85095","targetHints":{"allow":["GET"]}}],"collection":[{"href":"https:\/\/mobecor.ee\/en\/wp-json\/wp\/v2\/product"}],"about":[{"href":"https:\/\/mobecor.ee\/en\/wp-json\/wp\/v2\/types\/product"}],"wp:featuredmedia":[{"embeddable":true,"href":"https:\/\/mobecor.ee\/en\/wp-json\/wp\/v2\/media\/12812"}],"wp:attachment":[{"href":"https:\/\/mobecor.ee\/en\/wp-json\/wp\/v2\/media?parent=85095"}],"wp:term":[{"taxonomy":"series","embeddable":true,"href":"https:\/\/mobecor.ee\/en\/wp-json\/wp\/v2\/series?post=85095"},{"taxonomy":"product_brand","embeddable":true,"href":"https:\/\/mobecor.ee\/en\/wp-json\/wp\/v2\/product_brand?post=85095"},{"taxonomy":"product_cat","embeddable":true,"href":"https:\/\/mobecor.ee\/en\/wp-json\/wp\/v2\/product_cat?post=85095"},{"taxonomy":"product_tag","embeddable":true,"href":"https:\/\/mobecor.ee\/en\/wp-json\/wp\/v2\/product_tag?post=85095"}],"curies":[{"name":"wp","href":"https:\/\/api.w.org\/{rel}","templated":true}]}}