{"id":86323,"date":"2025-11-20T10:41:42","date_gmt":"2025-11-20T08:41:42","guid":{"rendered":"https:\/\/mobecor.ee\/?post_type=product&#038;p=86323"},"modified":"2026-04-06T14:01:23","modified_gmt":"2026-04-06T11:01:23","slug":"seinakapp-blanka-wwpo-9-72","status":"publish","type":"product","link":"https:\/\/mobecor.ee\/en\/toode\/seinakapp-blanka-wwpo-9-72\/","title":{"rendered":"Seinakapp Blanka WWPO 9\/72 (90\/32\/72)"},"content":{"rendered":"<p><span style=\"font-size: 14px;\"><span lang=\"et-EE\">Kapil on 2 ust, mis avanevad \u00fcles.\u00a0<\/span><span lang=\"et-EE\">Alumine uks on osaliselt klaasiga<\/span>.<br \/>\n<\/span><span style=\"font-size: 14px;\"><strong>Esipind GR.2<\/strong>: valmistatud 18 mm paksusest laminaatplaadist PVC-\u00e4\u00e4risega.<br \/>\n<strong>Esipindade v\u00e4rvivalik GR.2<\/strong>: tamm hikkori; tamm kuldne; tamm lancelot; \u00f5litatud tamm; merepuit; betoon hele; p\u00e4rlhall; liivabee\u017e; kivihall; kaszmir; salvei; eukal\u00fcpt.<br \/>\nStandardina on puidus\u00fc\u00fc horisontaalselt. Lisatasu eest v\u00f5imalik puidus\u00fc\u00fc suuna muuta vertikaalseks.<br \/>\n<strong>Esipind GR.1<\/strong>:\u00a0 valmistatud 18 mm paksusest l\u00e4ikivast v\u00f5i matist akr\u00fc\u00fclplaadist PVC-\u00e4\u00e4risega.<strong><br \/>\nEsipindade v\u00e4rvivalik GR.1<\/strong>: valge l\u00e4ikiv; hall l\u00e4ikiv; valge matt; hall matt; must matt.<br \/>\n<\/span><span lang=\"et-EE\" style=\"font-size: 14px;\"><span style=\"text-decoration: underline;\">NB! V\u00e4rvid v\u00f5ivad veidi erineda pildil ja tegelikkuses<\/span>.<br \/>\nKorpus: kvaliteetne ja vastupidav lamineeritud m\u00f6\u00f6bliplaat (16 mm).<br \/>\n<span style=\"font-size: 14px;\">Korpuse v\u00e4rvivalik: valge; helehall; hall; must; kaszmir.<\/span><br \/>\n<\/span><span style=\"font-size: 14px;\">\u00dclemised kapid on ilma k\u00e4epidemeta. K\u00fcljele avatavad kapid avatakse alumisest servast, \u00fcles avanevad kapid avatakse peale vajutades (tip-on).<br \/>\n<\/span><span style=\"font-size: 14px;\">Toodetud: Poolas.<br \/>\n<\/span><span style=\"font-size: 14px;\">Toode tarnitakse detailidena.<\/span><\/p>\n","protected":false},"excerpt":{"rendered":"<p><span style=\"font-size: 14px;\">Laius: 90 cm.<br \/>\n<\/span><span style=\"font-size: 14px;\">S\u00fcgavus koos esipinnaga: 32 cm.<br \/>\n<\/span><span style=\"font-size: 14px;\">K\u00f5rgus: 72 cm.<br \/>\n<\/span><span style=\"font-size: 14px;\">Tarneaeg: 4-8 n\u00e4dalat.<\/span><\/p>\n","protected":false},"featured_media":15600,"template":"","meta":{"_acf_changed":false,"inline_featured_image":false},"series":[],"product_brand":[2953],"product_cat":[220],"product_tag":[],"class_list":{"0":"post-86323","1":"product","2":"type-product","3":"status-publish","4":"has-post-thumbnail","6":"product_brand-layman","7":"product_cat-blanka-seinakapid","9":"first","10":"instock","11":"taxable","12":"shipping-taxable","13":"purchasable","14":"product-type-variable"},"acf":[],"_links":{"self":[{"href":"https:\/\/mobecor.ee\/en\/wp-json\/wp\/v2\/product\/86323","targetHints":{"allow":["GET"]}}],"collection":[{"href":"https:\/\/mobecor.ee\/en\/wp-json\/wp\/v2\/product"}],"about":[{"href":"https:\/\/mobecor.ee\/en\/wp-json\/wp\/v2\/types\/product"}],"wp:featuredmedia":[{"embeddable":true,"href":"https:\/\/mobecor.ee\/en\/wp-json\/wp\/v2\/media\/15600"}],"wp:attachment":[{"href":"https:\/\/mobecor.ee\/en\/wp-json\/wp\/v2\/media?parent=86323"}],"wp:term":[{"taxonomy":"series","embeddable":true,"href":"https:\/\/mobecor.ee\/en\/wp-json\/wp\/v2\/series?post=86323"},{"taxonomy":"product_brand","embeddable":true,"href":"https:\/\/mobecor.ee\/en\/wp-json\/wp\/v2\/product_brand?post=86323"},{"taxonomy":"product_cat","embeddable":true,"href":"https:\/\/mobecor.ee\/en\/wp-json\/wp\/v2\/product_cat?post=86323"},{"taxonomy":"product_tag","embeddable":true,"href":"https:\/\/mobecor.ee\/en\/wp-json\/wp\/v2\/product_tag?post=86323"}],"curies":[{"name":"wp","href":"https:\/\/api.w.org\/{rel}","templated":true}]}}