{"id":87107,"date":"2025-11-20T14:51:52","date_gmt":"2025-11-20T12:51:52","guid":{"rendered":"https:\/\/mobecor.ee\/?post_type=product&#038;p=87107"},"modified":"2026-04-06T10:57:27","modified_gmt":"2026-04-06T07:57:27","slug":"korge-kapp-blanka-sps6-2-2037","status":"publish","type":"product","link":"https:\/\/mobecor.ee\/en\/toode\/korge-kapp-blanka-sps6-2-2037\/","title":{"rendered":"K\u00f5rge kapp Blanka SPS 6\/2\/203,7"},"content":{"rendered":"<p><span style=\"font-size: 14px;\">Kapil on 1 uks, 2 sahtlit ning kohad integreeritava ahju (595*595 mm) ja mikrolaineahju (max 388 mm) jaoks.<br \/>\nAhi on t\u00f6\u00f6pinnaga samal tasapinnal.<br \/>\n<\/span><span style=\"font-size: 14px;\"><strong>Esipind GR.2<\/strong>: valmistatud 18 mm paksusest laminaatplaadist PVC-\u00e4\u00e4risega.<br \/>\n<strong>Esipindade v\u00e4rvivalik GR.2<\/strong>: tamm hikkori; tamm kuldne; tamm lancelot; \u00f5litatud tamm; merepuit; betoon hele; p\u00e4rlhall; liivabee\u017e; kivihall; kaszmir; salvei; eukal\u00fcpt.<br \/>\nStandardina on puidus\u00fc\u00fc horisontaalselt. Lisatasu eest v\u00f5imalik puidus\u00fc\u00fc suuna muuta vertikaalseks.<br \/>\n<strong>Esipind GR.1<\/strong>:\u00a0 valmistatud 18 mm paksusest l\u00e4ikivast v\u00f5i matist akr\u00fc\u00fclplaadist PVC-\u00e4\u00e4risega.<strong><br \/>\nEsipindade v\u00e4rvivalik GR.1<\/strong>: valge l\u00e4ikiv; hall l\u00e4ikiv; valge matt; hall matt; must matt.<br \/>\n<\/span><span lang=\"et-EE\" style=\"font-size: 14px;\"><span style=\"text-decoration: underline;\">NB! V\u00e4rvid v\u00f5ivad veidi erineda pildil ja tegelikkuses<\/span>.<br \/>\nKorpus: kvaliteetne ja vastupidav lamineeritud m\u00f6\u00f6bliplaat (16 mm).<br \/>\n<span style=\"font-size: 14px;\">Korpuse v\u00e4rvivalik: valge; helehall; hall; must; kaszmir.<\/span><br \/>\n<\/span><span style=\"font-size: 14px;\">K\u00e4epidemed: alumiiniumist.<br \/>\nK\u00e4epidemete v\u00e4rvivalik: valge; must; kuldne; hall.<br \/>\n<\/span><span lang=\"et-EE\" style=\"font-size: 14px;\"><span lang=\"et-EE\">Jalad: reguleeritavad. K\u00f5rgusega 10 cm v\u00f5i 15 cm.<br \/>\n<\/span><\/span><span style=\"font-size: 14px;\">Sokkel ei kuulu hinna sisse.\u00a0V\u00f5imalik juurde tellida\u00a0sokkel 200 cm <a href=\"https:\/\/mobecor.ee\/toode\/sokkel-lora-200-cm\/\" target=\"_blank\" rel=\"noopener\">SIIT<\/a> v\u00f5i k\u00fcljesokkel <a href=\"https:\/\/mobecor.ee\/toode\/kuljesokkel-lora\/\" target=\"_blank\" rel=\"noopener\">SIIT<\/a>.<strong><br \/>\n<\/strong><\/span><span style=\"font-size: 14px;\">Toodetud: Poolas.<br \/>\n<\/span><span style=\"font-size: 14px;\">Toode tarnitakse detailidena.<\/span><\/p>\n","protected":false},"excerpt":{"rendered":"<p><span style=\"font-size: 14px;\">Laius: 60 cm.<br \/>\n<\/span><span style=\"font-size: 14px;\">S\u00fcgavus koos esipinnaga: 58 cm.<br \/>\n<\/span><span style=\"font-size: 14px;\">K\u00f5rgus ilma jalgadeta:\u00a0203,7 cm.<br \/>\n* K\u00f5rgus koos 10 cm jalgadega: 213,7 cm.<br \/>\n* K\u00f5rgus koos 15 cm jalgadega 218,7 cm.<br \/>\n<\/span><span style=\"font-size: 14px;\">Tarneaeg: 4-8 n\u00e4dalat.<\/span><\/p>\n","protected":false},"featured_media":87125,"template":"","meta":{"_acf_changed":false,"inline_featured_image":false},"series":[],"product_brand":[2953],"product_cat":[217],"product_tag":[],"class_list":{"0":"post-87107","1":"product","2":"type-product","3":"status-publish","4":"has-post-thumbnail","6":"product_brand-layman","7":"product_cat-blanka-korged-kapid","9":"first","10":"instock","11":"taxable","12":"shipping-taxable","13":"purchasable","14":"product-type-variable"},"acf":[],"_links":{"self":[{"href":"https:\/\/mobecor.ee\/en\/wp-json\/wp\/v2\/product\/87107","targetHints":{"allow":["GET"]}}],"collection":[{"href":"https:\/\/mobecor.ee\/en\/wp-json\/wp\/v2\/product"}],"about":[{"href":"https:\/\/mobecor.ee\/en\/wp-json\/wp\/v2\/types\/product"}],"wp:featuredmedia":[{"embeddable":true,"href":"https:\/\/mobecor.ee\/en\/wp-json\/wp\/v2\/media\/87125"}],"wp:attachment":[{"href":"https:\/\/mobecor.ee\/en\/wp-json\/wp\/v2\/media?parent=87107"}],"wp:term":[{"taxonomy":"series","embeddable":true,"href":"https:\/\/mobecor.ee\/en\/wp-json\/wp\/v2\/series?post=87107"},{"taxonomy":"product_brand","embeddable":true,"href":"https:\/\/mobecor.ee\/en\/wp-json\/wp\/v2\/product_brand?post=87107"},{"taxonomy":"product_cat","embeddable":true,"href":"https:\/\/mobecor.ee\/en\/wp-json\/wp\/v2\/product_cat?post=87107"},{"taxonomy":"product_tag","embeddable":true,"href":"https:\/\/mobecor.ee\/en\/wp-json\/wp\/v2\/product_tag?post=87107"}],"curies":[{"name":"wp","href":"https:\/\/api.w.org\/{rel}","templated":true}]}}