{"id":88065,"date":"2025-11-21T10:59:19","date_gmt":"2025-11-21T08:59:19","guid":{"rendered":"https:\/\/mobecor.ee\/?post_type=product&#038;p=88065"},"modified":"2026-04-06T15:33:31","modified_gmt":"2026-04-06T12:33:31","slug":"porandakapp-campari-d6","status":"publish","type":"product","link":"https:\/\/mobecor.ee\/en\/toode\/porandakapp-campari-d6\/","title":{"rendered":"P\u00f5randakapp Campari D6 (60\/54\/72)"},"content":{"rendered":"<p>1-uksega p\u00f5randakapp.<br \/>\n<strong>Esipind GR.2<\/strong>: valmistatud 18 mm paksusest laminaatplaadist PVC-\u00e4\u00e4risega.<br \/>\n<strong>Esipindade v\u00e4rvivalik GR.2<\/strong>: tamm hikkori; tamm kuldne; tamm lancelot; \u00f5litatud tamm; merepuit; betoon hele; p\u00e4rlhall; liivabee\u017e; kivihall; kaszmir; salvei; eukal\u00fcpt.<br \/>\nStandardina on puidus\u00fc\u00fc horisontaalselt. Lisatasu eest v\u00f5imalik puidus\u00fc\u00fc suuna muuta vertikaalseks.<br \/>\n<strong>Esipind GR.1<\/strong>:\u00a0 valmistatud 18 mm paksusest l\u00e4ikivast v\u00f5i matist akr\u00fc\u00fclplaadist PVC-\u00e4\u00e4risega.<strong><br \/>\nEsipindade v\u00e4rvivalik GR.1<\/strong>: valge l\u00e4ikiv; hall l\u00e4ikiv; valge matt; hall matt; must matt.<br \/>\n<span lang=\"et-EE\">NB! V\u00e4rvid v\u00f5ivad veidi erineda pildil ja tegelikkuses.<br \/>\nKorpus: kvaliteetne ja vastupidav lamineeritud m\u00f6\u00f6bliplaat (16 mm).<br \/>\nKorpuse v\u00e4rvivalik: valge; helehall; hall; must; kaszmir.<br \/>\n<\/span>K\u00e4epide: alumiiniumist.<br \/>\nK\u00e4epideme v\u00e4rvivalik: valge; must; kuldne; hall.<br \/>\n<span lang=\"et-EE\">Jalad: reguleeritavad. K\u00f5rgusega 10 cm v\u00f5i 15 cm.<br \/>\n<\/span>Sokkel ei kuulu hinna sisse.\u00a0V\u00f5imalik juurde tellida\u00a0sokkel 200 cm\u00a0<a href=\"https:\/\/mobecor.ee\/toode\/sokkel-lora-200-cm\/\" target=\"_blank\" rel=\"noopener\">SIIT<\/a>\u00a0v\u00f5i k\u00fcljesokkel\u00a0<a href=\"https:\/\/mobecor.ee\/toode\/kuljesokkel-lora\/\" target=\"_blank\" rel=\"noopener\">SIIT<\/a>.<strong><br \/>\n<\/strong>Toodetud: Poolas.<br \/>\nToode tarnitakse detailidena.<\/p>\n","protected":false},"excerpt":{"rendered":"<p>Laius: 60 cm.<br \/>\nS\u00fcgavus koos esipinnaga: 54 cm.<br \/>\nK\u00f5rgus ilma jalgadeta: 72 cm.<br \/>\nTarneaeg: 4-8 n\u00e4dalat.<\/p>\n","protected":false},"featured_media":15750,"template":"","meta":{"_acf_changed":false,"inline_featured_image":false},"series":[],"product_brand":[2953],"product_cat":[207],"product_tag":[],"class_list":{"0":"post-88065","1":"product","2":"type-product","3":"status-publish","4":"has-post-thumbnail","6":"product_brand-layman","7":"product_cat-campari-porandakapid","9":"first","10":"instock","11":"taxable","12":"shipping-taxable","13":"purchasable","14":"product-type-variable"},"acf":[],"_links":{"self":[{"href":"https:\/\/mobecor.ee\/en\/wp-json\/wp\/v2\/product\/88065","targetHints":{"allow":["GET"]}}],"collection":[{"href":"https:\/\/mobecor.ee\/en\/wp-json\/wp\/v2\/product"}],"about":[{"href":"https:\/\/mobecor.ee\/en\/wp-json\/wp\/v2\/types\/product"}],"wp:featuredmedia":[{"embeddable":true,"href":"https:\/\/mobecor.ee\/en\/wp-json\/wp\/v2\/media\/15750"}],"wp:attachment":[{"href":"https:\/\/mobecor.ee\/en\/wp-json\/wp\/v2\/media?parent=88065"}],"wp:term":[{"taxonomy":"series","embeddable":true,"href":"https:\/\/mobecor.ee\/en\/wp-json\/wp\/v2\/series?post=88065"},{"taxonomy":"product_brand","embeddable":true,"href":"https:\/\/mobecor.ee\/en\/wp-json\/wp\/v2\/product_brand?post=88065"},{"taxonomy":"product_cat","embeddable":true,"href":"https:\/\/mobecor.ee\/en\/wp-json\/wp\/v2\/product_cat?post=88065"},{"taxonomy":"product_tag","embeddable":true,"href":"https:\/\/mobecor.ee\/en\/wp-json\/wp\/v2\/product_tag?post=88065"}],"curies":[{"name":"wp","href":"https:\/\/api.w.org\/{rel}","templated":true}]}}