{"id":88584,"date":"2025-11-21T14:02:42","date_gmt":"2025-11-21T12:02:42","guid":{"rendered":"https:\/\/mobecor.ee\/?post_type=product&#038;p=88584"},"modified":"2026-04-06T16:18:23","modified_gmt":"2026-04-06T13:18:23","slug":"npmu-campari-fz6b","status":"publish","type":"product","link":"https:\/\/mobecor.ee\/en\/toode\/npmu-campari-fz6b\/","title":{"rendered":"N\u00f5udepesumasina uks Campari FZ 6B (60)"},"content":{"rendered":"<p>Uks integreeritavale n\u00f5udepesumasinale.<br \/>\nNB! Uks kinnitatakse n\u00f5udepesumasina k\u00fclge. Ei lisandu korpust<br \/>\n<strong>Esipind GR.2<\/strong>: valmistatud 18 mm paksusest laminaatplaadist PVC-\u00e4\u00e4risega.<br \/>\n<strong>Esipindade v\u00e4rvivalik GR.2<\/strong>: tamm hikkori; tamm kuldne; tamm lancelot; \u00f5litatud tamm; merepuit; betoon hele; p\u00e4rlhall; liivabee\u017e; kivihall; kaszmir; salvei; eukal\u00fcpt.<br \/>\nStandardina on puidus\u00fc\u00fc horisontaalselt. Lisatasu eest v\u00f5imalik puidus\u00fc\u00fc suuna muuta vertikaalseks.<br \/>\n<strong>Esipind GR.1<\/strong>:\u00a0 valmistatud 18 mm paksusest l\u00e4ikivast v\u00f5i matist akr\u00fc\u00fclplaadist PVC-\u00e4\u00e4risega.<strong><br \/>\nEsipindade v\u00e4rvivalik GR.1<\/strong>: valge l\u00e4ikiv; hall l\u00e4ikiv; valge matt; hall matt; must matt.<br \/>\n<span lang=\"et-EE\">NB! V\u00e4rvid v\u00f5ivad veidi erineda pildil ja tegelikkuses.<br \/>\n<\/span>K\u00e4epide: alumiiniumist.<br \/>\nK\u00e4epideme v\u00e4rvivalik: valge; must; kuldne; hall.<br \/>\nToodetud: Poolas.<br \/>\nToode tarnitakse detailidena.<\/p>\n","protected":false},"excerpt":{"rendered":"<p>Laius: 60 cm.<br \/>\nS\u00fcgavus: 1,8 cm.<br \/>\nK\u00f5rgus: 72 cm.<br \/>\nTarneaeg: 4-8 n\u00e4dalat.<\/p>\n","protected":false},"featured_media":88604,"template":"","meta":{"_acf_changed":false,"inline_featured_image":false},"series":[],"product_brand":[2953],"product_cat":[207],"product_tag":[],"class_list":{"0":"post-88584","1":"product","2":"type-product","3":"status-publish","4":"has-post-thumbnail","6":"product_brand-layman","7":"product_cat-campari-porandakapid","9":"first","10":"instock","11":"taxable","12":"shipping-taxable","13":"purchasable","14":"product-type-variable"},"acf":[],"_links":{"self":[{"href":"https:\/\/mobecor.ee\/en\/wp-json\/wp\/v2\/product\/88584","targetHints":{"allow":["GET"]}}],"collection":[{"href":"https:\/\/mobecor.ee\/en\/wp-json\/wp\/v2\/product"}],"about":[{"href":"https:\/\/mobecor.ee\/en\/wp-json\/wp\/v2\/types\/product"}],"wp:featuredmedia":[{"embeddable":true,"href":"https:\/\/mobecor.ee\/en\/wp-json\/wp\/v2\/media\/88604"}],"wp:attachment":[{"href":"https:\/\/mobecor.ee\/en\/wp-json\/wp\/v2\/media?parent=88584"}],"wp:term":[{"taxonomy":"series","embeddable":true,"href":"https:\/\/mobecor.ee\/en\/wp-json\/wp\/v2\/series?post=88584"},{"taxonomy":"product_brand","embeddable":true,"href":"https:\/\/mobecor.ee\/en\/wp-json\/wp\/v2\/product_brand?post=88584"},{"taxonomy":"product_cat","embeddable":true,"href":"https:\/\/mobecor.ee\/en\/wp-json\/wp\/v2\/product_cat?post=88584"},{"taxonomy":"product_tag","embeddable":true,"href":"https:\/\/mobecor.ee\/en\/wp-json\/wp\/v2\/product_tag?post=88584"}],"curies":[{"name":"wp","href":"https:\/\/api.w.org\/{rel}","templated":true}]}}