{"id":90909,"date":"2025-11-26T08:43:38","date_gmt":"2025-11-26T06:43:38","guid":{"rendered":"https:\/\/mobecor.ee\/?post_type=product&#038;p=90909"},"modified":"2026-04-06T16:25:22","modified_gmt":"2026-04-06T13:25:22","slug":"korge-kapp-campari-spd6-6-2037","status":"publish","type":"product","link":"https:\/\/mobecor.ee\/en\/toode\/korge-kapp-campari-spd6-6-2037\/","title":{"rendered":"K\u00f5rge kapp Campari SPD 6\/3\/203,7 Starmotion"},"content":{"rendered":"<p><span lang=\"et-EE\">Kapil on 2 ust ja 3 sahtlit.<br \/>\n<\/span><strong>Esipind GR.2<\/strong>: valmistatud 18 mm paksusest laminaatplaadist PVC-\u00e4\u00e4risega.<br \/>\n<strong>Esipindade v\u00e4rvivalik GR.2<\/strong>: tamm hikkori; tamm kuldne; tamm lancelot; \u00f5litatud tamm; merepuit; betoon hele; p\u00e4rlhall; liivabee\u017e; kivihall; kaszmir; salvei; eukal\u00fcpt.<br \/>\nStandardina on puidus\u00fc\u00fc horisontaalselt. Lisatasu eest v\u00f5imalik puidus\u00fc\u00fc suuna muuta vertikaalseks.<br \/>\n<strong>Esipind GR.1<\/strong>:\u00a0 valmistatud 18 mm paksusest l\u00e4ikivast v\u00f5i matist akr\u00fc\u00fclplaadist PVC-\u00e4\u00e4risega.<strong><br \/>\nEsipindade v\u00e4rvivalik GR.1<\/strong>: valge l\u00e4ikiv; hall l\u00e4ikiv; valge matt; hall matt; must matt.<br \/>\n<span lang=\"et-EE\">NB! V\u00e4rvid v\u00f5ivad veidi erineda pildil ja tegelikkuses.<br \/>\nKorpus: kvaliteetne ja vastupidav lamineeritud m\u00f6\u00f6bliplaat (16 mm).<br \/>\nKorpuse v\u00e4rvivalik: valge; helehall; hall; must; kaszmir.<br \/>\n<\/span>K\u00e4epide: alumiiniumist.<br \/>\nK\u00e4epideme v\u00e4rvivalik: valge; must; kuldne; hall.<br \/>\n<span lang=\"et-EE\">Jalad: reguleeritavad. K\u00f5rgusega 10 cm v\u00f5i 15 cm.<br \/>\n<\/span>Sokkel ei kuulu hinna sisse.\u00a0V\u00f5imalik juurde tellida\u00a0sokkel 200 cm\u00a0<a href=\"https:\/\/mobecor.ee\/toode\/sokkel-lora-200-cm\/\" target=\"_blank\" rel=\"noopener\">SIIT<\/a>\u00a0v\u00f5i k\u00fcljesokkel\u00a0<a href=\"https:\/\/mobecor.ee\/toode\/kuljesokkel-lora\/\" target=\"_blank\" rel=\"noopener\">SIIT<\/a>.<strong><br \/>\n<\/strong>Toodetud: Poolas.<br \/>\nToode tarnitakse detailidena.<\/p>\n","protected":false},"excerpt":{"rendered":"<p>Laius: 60 cm.<br \/>\nS\u00fcgavus koos esipinnaga: 58 cm.<br \/>\nK\u00f5rgus ilma jalgadeta:\u00a0203,7 cm.<br \/>\n* K\u00f5rgus koos 10 cm jalgadega: 213,7 cm.<br \/>\n* K\u00f5rgus Koos 15 cm jalgadega: 218,7 cm.<br \/>\nTarneaeg: 4-8 n\u00e4dalat.<\/p>\n","protected":false},"featured_media":90943,"template":"","meta":{"_acf_changed":false,"inline_featured_image":false},"series":[],"product_brand":[2953],"product_cat":[206],"product_tag":[],"class_list":{"0":"post-90909","1":"product","2":"type-product","3":"status-publish","4":"has-post-thumbnail","6":"product_brand-layman","7":"product_cat-campari-korged-kapid","9":"first","10":"instock","11":"taxable","12":"shipping-taxable","13":"purchasable","14":"product-type-variable"},"acf":[],"_links":{"self":[{"href":"https:\/\/mobecor.ee\/en\/wp-json\/wp\/v2\/product\/90909","targetHints":{"allow":["GET"]}}],"collection":[{"href":"https:\/\/mobecor.ee\/en\/wp-json\/wp\/v2\/product"}],"about":[{"href":"https:\/\/mobecor.ee\/en\/wp-json\/wp\/v2\/types\/product"}],"wp:featuredmedia":[{"embeddable":true,"href":"https:\/\/mobecor.ee\/en\/wp-json\/wp\/v2\/media\/90943"}],"wp:attachment":[{"href":"https:\/\/mobecor.ee\/en\/wp-json\/wp\/v2\/media?parent=90909"}],"wp:term":[{"taxonomy":"series","embeddable":true,"href":"https:\/\/mobecor.ee\/en\/wp-json\/wp\/v2\/series?post=90909"},{"taxonomy":"product_brand","embeddable":true,"href":"https:\/\/mobecor.ee\/en\/wp-json\/wp\/v2\/product_brand?post=90909"},{"taxonomy":"product_cat","embeddable":true,"href":"https:\/\/mobecor.ee\/en\/wp-json\/wp\/v2\/product_cat?post=90909"},{"taxonomy":"product_tag","embeddable":true,"href":"https:\/\/mobecor.ee\/en\/wp-json\/wp\/v2\/product_tag?post=90909"}],"curies":[{"name":"wp","href":"https:\/\/api.w.org\/{rel}","templated":true}]}}