{"id":92902,"date":"2025-11-27T14:45:38","date_gmt":"2025-11-27T12:45:38","guid":{"rendered":"https:\/\/mobecor.ee\/?post_type=product&#038;p=92902"},"modified":"2026-04-07T12:28:11","modified_gmt":"2026-04-07T09:28:11","slug":"seinakapp-vella-ws8-72","status":"publish","type":"product","link":"https:\/\/mobecor.ee\/en\/toode\/seinakapp-vella-ws8-72\/","title":{"rendered":"Seinakapp Vella WS8\/72 n\u00f5uderestiga (80\/32\/72)"},"content":{"rendered":"<p>2-uksega seinakapp. Kapp on ilma p\u00f5hjata, komplekti kuulub n\u00f5uderest.<br \/>\n<strong>Esipind GR.2<\/strong>: valmistatud 18 mm paksusest laminaatplaadist PVC-\u00e4\u00e4risega.<br \/>\n<strong>Esipindade v\u00e4rvivalik GR.2<\/strong>: tamm hikkori; tamm kuldne; tamm lancelot; \u00f5litatud tamm; merepuit; betoon hele; p\u00e4rlhall; liivabee\u017e; kivihall; kaszmir; salvei; eukal\u00fcpt.<br \/>\nStandardina on puidus\u00fc\u00fc horisontaalselt. Lisatasu eest v\u00f5imalik puidus\u00fc\u00fc suuna muuta vertikaalseks.<br \/>\n<strong>Esipind GR.1<\/strong>:\u00a0 valmistatud 18 mm paksusest l\u00e4ikivast v\u00f5i matist akr\u00fc\u00fclplaadist PVC-\u00e4\u00e4risega.<strong><br \/>\nEsipindade v\u00e4rvivalik GR.1<\/strong>: valge l\u00e4ikiv; hall l\u00e4ikiv; valge matt; hall matt; must matt.<br \/>\n<span lang=\"et-EE\">NB! V\u00e4rvid v\u00f5ivad veidi erineda pildil ja tegelikkuses.<br \/>\nKorpus: kvaliteetne ja vastupidav lamineeritud m\u00f6\u00f6bliplaat (16 mm).<br \/>\nKorpuse v\u00e4rvivalik: valge; helehall; hall; must; kaszmir.<\/span><br \/>\nK\u00e4epidemed on valmistatud metallist ja nende vahekaugus on 16 cm.<br \/>\nTeise vahekaugusega k\u00e4epidemeid ei ole v\u00f5imalik valida.<br \/>\nToodetud: Poolas.<br \/>\nToode tarnitakse detailidena.<\/p>\n","protected":false},"excerpt":{"rendered":"<p>Laius: 80 cm.<br \/>\nS\u00fcgavus koos esipinnaga: 32 cm.<br \/>\nK\u00f5rgus: 72 cm.<br \/>\nTarneaeg: 4-8 n\u00e4dalat.<\/p>\n","protected":false},"featured_media":15398,"template":"","meta":{"_acf_changed":false,"inline_featured_image":false},"series":[],"product_brand":[2953],"product_cat":[274],"product_tag":[],"class_list":{"0":"post-92902","1":"product","2":"type-product","3":"status-publish","4":"has-post-thumbnail","6":"product_brand-layman","7":"product_cat-vella-seinakapid","9":"first","10":"instock","11":"taxable","12":"shipping-taxable","13":"purchasable","14":"product-type-variable"},"acf":[],"_links":{"self":[{"href":"https:\/\/mobecor.ee\/en\/wp-json\/wp\/v2\/product\/92902","targetHints":{"allow":["GET"]}}],"collection":[{"href":"https:\/\/mobecor.ee\/en\/wp-json\/wp\/v2\/product"}],"about":[{"href":"https:\/\/mobecor.ee\/en\/wp-json\/wp\/v2\/types\/product"}],"wp:featuredmedia":[{"embeddable":true,"href":"https:\/\/mobecor.ee\/en\/wp-json\/wp\/v2\/media\/15398"}],"wp:attachment":[{"href":"https:\/\/mobecor.ee\/en\/wp-json\/wp\/v2\/media?parent=92902"}],"wp:term":[{"taxonomy":"series","embeddable":true,"href":"https:\/\/mobecor.ee\/en\/wp-json\/wp\/v2\/series?post=92902"},{"taxonomy":"product_brand","embeddable":true,"href":"https:\/\/mobecor.ee\/en\/wp-json\/wp\/v2\/product_brand?post=92902"},{"taxonomy":"product_cat","embeddable":true,"href":"https:\/\/mobecor.ee\/en\/wp-json\/wp\/v2\/product_cat?post=92902"},{"taxonomy":"product_tag","embeddable":true,"href":"https:\/\/mobecor.ee\/en\/wp-json\/wp\/v2\/product_tag?post=92902"}],"curies":[{"name":"wp","href":"https:\/\/api.w.org\/{rel}","templated":true}]}}